{"id":11568,"date":"2020-10-27T12:22:32","date_gmt":"2020-10-27T16:22:32","guid":{"rendered":"https:\/\/ashokacanada.org\/home_event\/"},"modified":"2021-01-11T17:53:57","modified_gmt":"2021-01-11T21:53:57","slug":"home_event","status":"publish","type":"page","link":"https:\/\/ashokacanada.org\/fr\/home_stories\/home_event\/","title":{"rendered":"HOME"},"content":{"rendered":"[vc_row type=\u00a0\u00bbfull_width_background\u00a0\u00bb full_screen_row_position=\u00a0\u00bbmiddle\u00a0\u00bb column_margin=\u00a0\u00bbdefault\u00a0\u00bb scene_position=\u00a0\u00bbcenter\u00a0\u00bb text_color=\u00a0\u00bblight\u00a0\u00bb text_align=\u00a0\u00bbleft\u00a0\u00bb top_padding=\u00a0\u00bb10%\u00a0\u00bb bottom_padding=\u00a0\u00bb10%\u00a0\u00bb id=\u00a0\u00bbhome_pane\u00a0\u00bb overlay_strength=\u00a0\u00bb0.3&Prime; shape_divider_position=\u00a0\u00bbbottom\u00a0\u00bb bg_image_animation=\u00a0\u00bbzoom-out\u00a0\u00bb bg_type=\u00a0\u00bbimage\u00a0\u00bb parallax_style=\u00a0\u00bbvcpb-default\u00a0\u00bb bg_image_new=\u00a0\u00bbid^12262|url^https:\/\/ashokacanada.org\/wp-content\/uploads\/2021\/01\/new_fellows_home.jpg|caption^null|alt^null|title^new_fellows_home|description^null\u00a0\u00bb bg_image_repeat=\u00a0\u00bbno-repeat\u00a0\u00bb bg_override=\u00a0\u00bbex-full\u00a0\u00bb parallax_content=\u00a0\u00bbparallax_content_value\u00a0\u00bb parallax_content_sense=\u00a0\u00bb50&Prime; fadeout_row=\u00a0\u00bbfadeout_row_value\u00a0\u00bb fadeout_start_effect=\u00a0\u00bb70&Prime; shape_type=\u00a0\u00bbstraight_section\u00a0\u00bb][vc_column column_padding=\u00a0\u00bbno-extra-padding\u00a0\u00bb column_padding_position=\u00a0\u00bbleft-right\u00a0\u00bb background_color_opacity=\u00a0\u00bb1&Prime; background_hover_color_opacity=\u00a0\u00bb1&Prime; column_link_target=\u00a0\u00bb_self\u00a0\u00bb column_shadow=\u00a0\u00bbnone\u00a0\u00bb column_border_radius=\u00a0\u00bbnone\u00a0\u00bb width=\u00a0\u00bb1\/2&Prime; tablet_width_inherit=\u00a0\u00bbdefault\u00a0\u00bb tablet_text_alignment=\u00a0\u00bbdefault\u00a0\u00bb phone_text_alignment=\u00a0\u00bbdefault\u00a0\u00bb overlay_strength=\u00a0\u00bb0.3&Prime; column_border_width=\u00a0\u00bbnone\u00a0\u00bb column_border_style=\u00a0\u00bbsolid\u00a0\u00bb bg_image_animation=\u00a0\u00bbnone\u00a0\u00bb column_link=\u00a0\u00bb\/new-fellows\/\u00a0\u00bb][vc_column_text css_animation=\u00a0\u00bbfadeInUp\u00a0\u00bb css=\u00a0\u00bb.vc_custom_1610168408030{margin-bottom: 5px !important;padding-top: 5% !important;padding-right: 25% !important;}\u00a0\u00bb el_class=\u00a0\u00bbtitle_level_1&Prime;]\n<h1>D\u00c9NOUER LES SYST\u00c8MES POUR <span style=\"color: #33a7c1;\">QUE TOUT LE MONDE PUISSE PARTICIPER<\/span><\/h1>\n[\/vc_column_text][vc_column_text css_animation=\u00a0\u00bbfadeIn\u00a0\u00bb]\n<h3>Les nouveaux membres d\u2019Ashoka Canada \u00e9tablissent les conditions pour un monde meilleur. Ils renforcent l\u2019autod\u00e9termination autochtone, d\u00e9veloppent le pouvoir d\u2019agir des enfants sur l\u2019environnement, et plus encore.<\/h3>\n<h5><span style=\"color: #33a8c2;\">Rencontrez les nouveaux membres de notre communaut\u00e9 des Fellows<\/span><\/h5>\n[\/vc_column_text][vc_row_inner column_margin=\u00a0\u00bbdefault\u00a0\u00bb text_align=\u00a0\u00bbleft\u00a0\u00bb][vc_column_inner column_padding=\u00a0\u00bbno-extra-padding\u00a0\u00bb column_padding_position=\u00a0\u00bball\u00a0\u00bb background_color_opacity=\u00a0\u00bb1&Prime; background_hover_color_opacity=\u00a0\u00bb1&Prime; column_shadow=\u00a0\u00bbnone\u00a0\u00bb column_border_radius=\u00a0\u00bbnone\u00a0\u00bb column_link_target=\u00a0\u00bb_self\u00a0\u00bb width=\u00a0\u00bb1\/1&Prime; tablet_width_inherit=\u00a0\u00bbdefault\u00a0\u00bb overlay_strength=\u00a0\u00bb0.3&Prime; column_border_width=\u00a0\u00bbnone\u00a0\u00bb column_border_style=\u00a0\u00bbsolid\u00a0\u00bb bg_image_animation=\u00a0\u00bbfade-in\u00a0\u00bb enable_animation=\u00a0\u00bbtrue\u00a0\u00bb animation=\u00a0\u00bbflip-in-vertical\u00a0\u00bb delay=\u00a0\u00bb120&Prime;][nectar_btn size=\u00a0\u00bblarge\u00a0\u00bb button_style=\u00a0\u00bbsee-through-2&Prime; color_override=\u00a0\u00bb#ffffff\u00a0\u00bb hover_color_override=\u00a0\u00bb#33a8c2&Prime; hover_text_color_override=\u00a0\u00bb#ffffff\u00a0\u00bb icon_family=\u00a0\u00bbnone\u00a0\u00bb url=\u00a0\u00bbhttps:\/\/ashokacanada.org\/fr\/new-fellows\/\u00a0\u00bb text=\u00a0\u00bbEXPLOREZ LEUR IMPACT\u00a0\u00bb][\/vc_column_inner][\/vc_row_inner][\/vc_column][vc_column column_padding=\u00a0\u00bbno-extra-padding\u00a0\u00bb column_padding_position=\u00a0\u00bball\u00a0\u00bb background_color_opacity=\u00a0\u00bb1&Prime; background_hover_color_opacity=\u00a0\u00bb1&Prime; column_link_target=\u00a0\u00bb_self\u00a0\u00bb column_shadow=\u00a0\u00bbnone\u00a0\u00bb column_border_radius=\u00a0\u00bbnone\u00a0\u00bb width=\u00a0\u00bb1\/2&Prime; tablet_width_inherit=\u00a0\u00bbdefault\u00a0\u00bb tablet_text_alignment=\u00a0\u00bbdefault\u00a0\u00bb phone_text_alignment=\u00a0\u00bbdefault\u00a0\u00bb overlay_strength=\u00a0\u00bb0.3&Prime; column_border_width=\u00a0\u00bbnone\u00a0\u00bb column_border_style=\u00a0\u00bbsolid\u00a0\u00bb bg_image_animation=\u00a0\u00bbnone\u00a0\u00bb][\/vc_column][\/vc_row][vc_row type=\u00a0\u00bbfull_width_background\u00a0\u00bb full_screen_row_position=\u00a0\u00bbmiddle\u00a0\u00bb column_margin=\u00a0\u00bbdefault\u00a0\u00bb scene_position=\u00a0\u00bbcenter\u00a0\u00bb text_color=\u00a0\u00bblight\u00a0\u00bb text_align=\u00a0\u00bbleft\u00a0\u00bb top_padding=\u00a0\u00bb10%\u00a0\u00bb bottom_padding=\u00a0\u00bb10%\u00a0\u00bb translate_y=\u00a0\u00bb8&Prime; id=\u00a0\u00bbhome_pane\u00a0\u00bb overlay_strength=\u00a0\u00bb0.3&Prime; shape_divider_position=\u00a0\u00bbbottom\u00a0\u00bb bg_image_animation=\u00a0\u00bbzoom-out\u00a0\u00bb bg_type=\u00a0\u00bbimage\u00a0\u00bb parallax_style=\u00a0\u00bbvcpb-default\u00a0\u00bb bg_image_new=\u00a0\u00bbid^10645|url^https:\/\/ashokacanada.org\/wp-content\/uploads\/2020\/07\/will_prosper_hero.jpg|caption^null|alt^null|title^will_prosper_hero|description^null\u00a0\u00bb bg_image_repeat=\u00a0\u00bbno-repeat\u00a0\u00bb bg_override=\u00a0\u00bbex-full\u00a0\u00bb parallax_content=\u00a0\u00bbparallax_content_value\u00a0\u00bb parallax_content_sense=\u00a0\u00bb50&Prime; fadeout_row=\u00a0\u00bbfadeout_row_value\u00a0\u00bb fadeout_start_effect=\u00a0\u00bb70&Prime; shape_type=\u00a0\u00bbstraight_section\u00a0\u00bb][vc_column column_padding=\u00a0\u00bbno-extra-padding\u00a0\u00bb column_padding_position=\u00a0\u00bbleft-right\u00a0\u00bb background_color_opacity=\u00a0\u00bb1&Prime; background_hover_color_opacity=\u00a0\u00bb1&Prime; column_link_target=\u00a0\u00bb_self\u00a0\u00bb column_shadow=\u00a0\u00bbnone\u00a0\u00bb column_border_radius=\u00a0\u00bbnone\u00a0\u00bb width=\u00a0\u00bb1\/2&Prime; tablet_width_inherit=\u00a0\u00bbdefault\u00a0\u00bb tablet_text_alignment=\u00a0\u00bbdefault\u00a0\u00bb phone_text_alignment=\u00a0\u00bbdefault\u00a0\u00bb overlay_strength=\u00a0\u00bb0.3&Prime; column_border_width=\u00a0\u00bbnone\u00a0\u00bb column_border_style=\u00a0\u00bbsolid\u00a0\u00bb bg_image_animation=\u00a0\u00bbnone\u00a0\u00bb column_link=\u00a0\u00bb\/fr\/fellows\/\u00a0\u00bb][vc_column_text css_animation=\u00a0\u00bbfadeInUp\u00a0\u00bb css=\u00a0\u00bb.vc_custom_1595366840495{margin-bottom: 5px !important;padding-top: 5% !important;padding-right: 25% !important;}\u00a0\u00bb el_class=\u00a0\u00bbtitle_level_1&Prime;]\n<h1>NOTRE R\u00c9SEAU A \u00c9T\u00c9<span style=\"color: #ff7525;\"> B\u00c2TI POUR CE MOMENT<\/span><\/h1>\n[\/vc_column_text][vc_column_text css_animation=\u00a0\u00bbfadeIn\u00a0\u00bb]\n<h3>La crise du coronavirus met en \u00e9vidence les profondes injustices de notre soci\u00e9t\u00e9. Les Fellows d\u2019Ashoka Canada travaillent en premi\u00e8re ligne pour \u00e9radiquer la pauvret\u00e9 et le racisme syst\u00e9mique.<\/h3>\n<h5>Ensemble, ils et elles construisent un Canada plus \u00e9quitable.<\/h5>\n[\/vc_column_text][vc_row_inner column_margin=\u00a0\u00bbdefault\u00a0\u00bb text_align=\u00a0\u00bbleft\u00a0\u00bb][vc_column_inner column_padding=\u00a0\u00bbno-extra-padding\u00a0\u00bb column_padding_position=\u00a0\u00bball\u00a0\u00bb background_color_opacity=\u00a0\u00bb1&Prime; background_hover_color_opacity=\u00a0\u00bb1&Prime; column_shadow=\u00a0\u00bbnone\u00a0\u00bb column_border_radius=\u00a0\u00bbnone\u00a0\u00bb column_link_target=\u00a0\u00bb_self\u00a0\u00bb width=\u00a0\u00bb1\/1&Prime; tablet_width_inherit=\u00a0\u00bbdefault\u00a0\u00bb overlay_strength=\u00a0\u00bb0.3&Prime; column_border_width=\u00a0\u00bbnone\u00a0\u00bb column_border_style=\u00a0\u00bbsolid\u00a0\u00bb bg_image_animation=\u00a0\u00bbfade-in\u00a0\u00bb enable_animation=\u00a0\u00bbtrue\u00a0\u00bb animation=\u00a0\u00bbflip-in-vertical\u00a0\u00bb delay=\u00a0\u00bb120&Prime;][nectar_btn size=\u00a0\u00bblarge\u00a0\u00bb button_style=\u00a0\u00bbsee-through-2&Prime; color_override=\u00a0\u00bb#ffffff\u00a0\u00bb hover_color_override=\u00a0\u00bb#33a8c2&Prime; hover_text_color_override=\u00a0\u00bb#ffffff\u00a0\u00bb icon_family=\u00a0\u00bbnone\u00a0\u00bb url=\u00a0\u00bb\/fr\/fellows\/\u00a0\u00bb text=\u00a0\u00bb\u00c9LEVER LEUR VOIX POUR LE CHANGEMENT\u00a0\u00bb][\/vc_column_inner][\/vc_row_inner][\/vc_column][vc_column column_padding=\u00a0\u00bbno-extra-padding\u00a0\u00bb column_padding_position=\u00a0\u00bball\u00a0\u00bb background_color_opacity=\u00a0\u00bb1&Prime; background_hover_color_opacity=\u00a0\u00bb1&Prime; column_link_target=\u00a0\u00bb_self\u00a0\u00bb column_shadow=\u00a0\u00bbnone\u00a0\u00bb column_border_radius=\u00a0\u00bbnone\u00a0\u00bb width=\u00a0\u00bb1\/2&Prime; tablet_width_inherit=\u00a0\u00bbdefault\u00a0\u00bb tablet_text_alignment=\u00a0\u00bbdefault\u00a0\u00bb phone_text_alignment=\u00a0\u00bbdefault\u00a0\u00bb overlay_strength=\u00a0\u00bb0.3&Prime; column_border_width=\u00a0\u00bbnone\u00a0\u00bb column_border_style=\u00a0\u00bbsolid\u00a0\u00bb bg_image_animation=\u00a0\u00bbnone\u00a0\u00bb][\/vc_column][\/vc_row][vc_row type=\u00a0\u00bbfull_width_background\u00a0\u00bb full_screen_row_position=\u00a0\u00bbmiddle\u00a0\u00bb column_margin=\u00a0\u00bbdefault\u00a0\u00bb scene_position=\u00a0\u00bbcenter\u00a0\u00bb text_color=\u00a0\u00bblight\u00a0\u00bb text_align=\u00a0\u00bbleft\u00a0\u00bb top_padding=\u00a0\u00bb10%\u00a0\u00bb bottom_padding=\u00a0\u00bb10%\u00a0\u00bb translate_y=\u00a0\u00bb16&Prime; class=\u00a0\u00bbhome_pane_1&Prime; id=\u00a0\u00bbhome_pane\u00a0\u00bb overlay_strength=\u00a0\u00bb0.3&Prime; shape_divider_position=\u00a0\u00bbbottom\u00a0\u00bb bg_image_animation=\u00a0\u00bbnone\u00a0\u00bb bg_type=\u00a0\u00bbimage\u00a0\u00bb parallax_style=\u00a0\u00bbvcpb-vz-jquery\u00a0\u00bb bg_image_new=\u00a0\u00bbid^10839|url^https:\/\/ashokacanada.org\/wp-content\/uploads\/2020\/07\/ashoka_hero.jpg|caption^null|alt^null|title^ashoka_hero|description^null\u00a0\u00bb bg_image_repeat=\u00a0\u00bbno-repeat\u00a0\u00bb bg_override=\u00a0\u00bbex-full\u00a0\u00bb parallax_content=\u00a0\u00bbparallax_content_value\u00a0\u00bb parallax_content_sense=\u00a0\u00bb50&Prime; fadeout_row=\u00a0\u00bbfadeout_row_value\u00a0\u00bb fadeout_start_effect=\u00a0\u00bb70&Prime; shape_type=\u00a0\u00bbstraight_section\u00a0\u00bb][vc_column column_padding=\u00a0\u00bbno-extra-padding\u00a0\u00bb column_padding_position=\u00a0\u00bbleft-right\u00a0\u00bb background_color_opacity=\u00a0\u00bb1&Prime; background_hover_color_opacity=\u00a0\u00bb1&Prime; column_link_target=\u00a0\u00bb_self\u00a0\u00bb column_shadow=\u00a0\u00bbnone\u00a0\u00bb column_border_radius=\u00a0\u00bbnone\u00a0\u00bb width=\u00a0\u00bb1\/2&Prime; tablet_width_inherit=\u00a0\u00bbdefault\u00a0\u00bb tablet_text_alignment=\u00a0\u00bbdefault\u00a0\u00bb phone_text_alignment=\u00a0\u00bbdefault\u00a0\u00bb overlay_strength=\u00a0\u00bb0.3&Prime; column_border_width=\u00a0\u00bbnone\u00a0\u00bb column_border_style=\u00a0\u00bbsolid\u00a0\u00bb bg_image_animation=\u00a0\u00bbnone\u00a0\u00bb column_link=\u00a0\u00bb\/fr\/a-propos\/\u00a0\u00bb][vc_column_text css_animation=\u00a0\u00bbfadeInUp\u00a0\u00bb css=\u00a0\u00bb.vc_custom_1595367536511{margin-bottom: 5px !important;padding-top: 5% !important;padding-right: 25% !important;}\u00a0\u00bb el_class=\u00a0\u00bbtitle_level_1&Prime;]\n<h1>BIENVENUE<br \/>\n\u00c0 LA MEILLEURE VERSION<br \/>\nDE VOUS-M\u00caME<\/h1>\n[\/vc_column_text][vc_column_text css_animation=\u00a0\u00bbfadeIn\u00a0\u00bb]\n<h3>Voulez-vous participer \u00e0 cr\u00e9er un avenir durable pour nous tous et toutes? Notre r\u00e9seau poss\u00e8de les comp\u00e9tences, la vision et les outils pour amplifier votre vision. Bienvenue \u00e0 Ashoka.<\/h3>\n[\/vc_column_text][vc_row_inner column_margin=\u00a0\u00bbdefault\u00a0\u00bb text_align=\u00a0\u00bbleft\u00a0\u00bb][vc_column_inner column_padding=\u00a0\u00bbno-extra-padding\u00a0\u00bb column_padding_position=\u00a0\u00bball\u00a0\u00bb background_color_opacity=\u00a0\u00bb1&Prime; background_hover_color_opacity=\u00a0\u00bb1&Prime; column_shadow=\u00a0\u00bbnone\u00a0\u00bb column_border_radius=\u00a0\u00bbnone\u00a0\u00bb column_link_target=\u00a0\u00bb_self\u00a0\u00bb width=\u00a0\u00bb1\/1&Prime; tablet_width_inherit=\u00a0\u00bbdefault\u00a0\u00bb overlay_strength=\u00a0\u00bb0.3&Prime; column_border_width=\u00a0\u00bbnone\u00a0\u00bb column_border_style=\u00a0\u00bbsolid\u00a0\u00bb bg_image_animation=\u00a0\u00bbfade-in\u00a0\u00bb enable_animation=\u00a0\u00bbtrue\u00a0\u00bb animation=\u00a0\u00bbflip-in-vertical\u00a0\u00bb delay=\u00a0\u00bb120&Prime;][nectar_btn size=\u00a0\u00bblarge\u00a0\u00bb button_style=\u00a0\u00bbsee-through-2&Prime; color_override=\u00a0\u00bb#ffffff\u00a0\u00bb hover_color_override=\u00a0\u00bb#a9c122&Prime; hover_text_color_override=\u00a0\u00bb#ffffff\u00a0\u00bb icon_family=\u00a0\u00bbnone\u00a0\u00bb url=\u00a0\u00bb\/fr\/a-propos\/\u00a0\u00bb text=\u00a0\u00bbPLUS D&rsquo;INFOS SUR NOUS !\u00a0\u00bb][\/vc_column_inner][\/vc_row_inner][\/vc_column][vc_column column_padding=\u00a0\u00bbno-extra-padding\u00a0\u00bb column_padding_position=\u00a0\u00bball\u00a0\u00bb background_color_opacity=\u00a0\u00bb1&Prime; background_hover_color_opacity=\u00a0\u00bb1&Prime; column_link_target=\u00a0\u00bb_self\u00a0\u00bb column_shadow=\u00a0\u00bbnone\u00a0\u00bb column_border_radius=\u00a0\u00bbnone\u00a0\u00bb width=\u00a0\u00bb1\/2&Prime; tablet_width_inherit=\u00a0\u00bbdefault\u00a0\u00bb tablet_text_alignment=\u00a0\u00bbdefault\u00a0\u00bb phone_text_alignment=\u00a0\u00bbdefault\u00a0\u00bb overlay_strength=\u00a0\u00bb0.3&Prime; column_border_width=\u00a0\u00bbnone\u00a0\u00bb column_border_style=\u00a0\u00bbsolid\u00a0\u00bb bg_image_animation=\u00a0\u00bbnone\u00a0\u00bb][\/vc_column][\/vc_row]\n","protected":false},"excerpt":{"rendered":"<p>[vc_row type=\u00a0\u00bbfull_width_background\u00a0\u00bb full_screen_row_position=\u00a0\u00bbmiddle\u00a0\u00bb column_margin=\u00a0\u00bbdefault\u00a0\u00bb scene_position=\u00a0\u00bbcenter\u00a0\u00bb text_color=\u00a0\u00bblight\u00a0\u00bb text_align=\u00a0\u00bbleft\u00a0\u00bb top_padding=\u00a0\u00bb10%\u00a0\u00bb bottom_padding=\u00a0\u00bb10%\u00a0\u00bb id=\u00a0\u00bbhome_pane\u00a0\u00bb overlay_strength=\u00a0\u00bb0.3&Prime; shape_divider_position=\u00a0\u00bbbottom\u00a0\u00bb bg_image_animation=\u00a0\u00bbzoom-out\u00a0\u00bb bg_type=\u00a0\u00bbimage\u00a0\u00bb parallax_style=\u00a0\u00bbvcpb-default\u00a0\u00bb bg_image_new=\u00a0\u00bbid^12262|url^https:\/\/ashokacanada.org\/wp-content\/uploads\/2021\/01\/new_fellows_home.jpg|caption^null|alt^null|title^new_fellows_home|description^null\u00a0\u00bb bg_image_repeat=\u00a0\u00bbno-repeat\u00a0\u00bb bg_override=\u00a0\u00bbex-full\u00a0\u00bb parallax_content=\u00a0\u00bbparallax_content_value\u00a0\u00bb parallax_content_sense=\u00a0\u00bb50&Prime; fadeout_row=\u00a0\u00bbfadeout_row_value\u00a0\u00bb fadeout_start_effect=\u00a0\u00bb70&Prime; shape_type=\u00a0\u00bbstraight_section\u00a0\u00bb][vc_column column_padding=\u00a0\u00bbno-extra-padding\u00a0\u00bb column_padding_position=\u00a0\u00bbleft-right\u00a0\u00bb background_color_opacity=\u00a0\u00bb1&Prime; background_hover_color_opacity=\u00a0\u00bb1&Prime; column_link_target=\u00a0\u00bb_self\u00a0\u00bb column_shadow=\u00a0\u00bbnone\u00a0\u00bb column_border_radius=\u00a0\u00bbnone\u00a0\u00bb&#8230;<\/p>\n","protected":false},"author":22,"featured_media":0,"parent":18023,"menu_order":3,"comment_status":"closed","ping_status":"closed","template":"","meta":{"_acf_changed":false,"footnotes":""},"class_list":["post-11568","page","type-page","status-publish"],"acf":[],"yoast_head":"<!-- This site is optimized with the Yoast SEO plugin v27.5 - https:\/\/yoast.com\/product\/yoast-seo-wordpress\/ -->\n<title>Ashoka Canada | Everyone a Changemaker<\/title>\n<meta name=\"description\" content=\"Ashoka Canada recognizes, supports, and connects a national network of leading changemakers, amplifying solutions and embedding empathy and changemaking into Canadian society.\" \/>\n<meta name=\"robots\" content=\"index, follow, max-snippet:-1, max-image-preview:large, max-video-preview:-1\" \/>\n<link rel=\"canonical\" href=\"https:\/\/ashokacanada.org\/fr\/home_stories\/home_event\/\" \/>\n<meta property=\"og:locale\" content=\"fr_FR\" \/>\n<meta property=\"og:type\" content=\"article\" \/>\n<meta property=\"og:title\" content=\"Ashoka Canada | Everyone a Changemaker\" \/>\n<meta property=\"og:description\" content=\"Ashoka Canada recognizes, supports, and connects a national network of leading changemakers, amplifying solutions and embedding empathy and changemaking into Canadian society.\" \/>\n<meta property=\"og:url\" content=\"https:\/\/ashokacanada.org\/fr\/home_stories\/home_event\/\" \/>\n<meta property=\"og:site_name\" content=\"Ashoka Canada\" \/>\n<meta property=\"article:publisher\" content=\"https:\/\/www.facebook.com\/AshokaCanada\/\" \/>\n<meta property=\"article:modified_time\" content=\"2021-01-11T21:53:57+00:00\" \/>\n<meta property=\"og:image\" content=\"https:\/\/ashokacanada.org\/wp-content\/uploads\/2020\/04\/ashoka-canada-blue.png\" \/>\n\t<meta property=\"og:image:width\" content=\"1200\" \/>\n\t<meta property=\"og:image:height\" content=\"628\" \/>\n\t<meta property=\"og:image:type\" content=\"image\/png\" \/>\n<meta name=\"twitter:card\" content=\"summary_large_image\" \/>\n<meta name=\"twitter:title\" content=\"Ashoka Canada | Everyone a Changemaker\" \/>\n<meta name=\"twitter:description\" content=\"Ashoka Canada recognizes, supports, and connects a national network of leading changemakers, amplifying solutions and embedding empathy and changemaking into Canadian society.\" \/>\n<meta name=\"twitter:image\" content=\"https:\/\/ashokacanada.org\/wp-content\/uploads\/2020\/04\/ashoka-canada-blue.png\" \/>\n<meta name=\"twitter:site\" content=\"@ashokacanada\" \/>\n<meta name=\"twitter:label1\" content=\"Dur\u00e9e de lecture estim\u00e9e\" \/>\n\t<meta name=\"twitter:data1\" content=\"6 minutes\" \/>\n<script type=\"application\/ld+json\" class=\"yoast-schema-graph\">{\"@context\":\"https:\\\/\\\/schema.org\",\"@graph\":[{\"@type\":\"WebPage\",\"@id\":\"https:\\\/\\\/ashokacanada.org\\\/fr\\\/home_stories\\\/home_event\\\/\",\"url\":\"https:\\\/\\\/ashokacanada.org\\\/fr\\\/home_stories\\\/home_event\\\/\",\"name\":\"Ashoka Canada | Everyone a Changemaker\",\"isPartOf\":{\"@id\":\"https:\\\/\\\/ashokacanada.org\\\/fr\\\/#website\"},\"datePublished\":\"2020-10-27T16:22:32+00:00\",\"dateModified\":\"2021-01-11T21:53:57+00:00\",\"description\":\"Ashoka Canada recognizes, supports, and connects a national network of leading changemakers, amplifying solutions and embedding empathy and changemaking into Canadian society.\",\"breadcrumb\":{\"@id\":\"https:\\\/\\\/ashokacanada.org\\\/fr\\\/home_stories\\\/home_event\\\/#breadcrumb\"},\"inLanguage\":\"fr-FR\",\"potentialAction\":[{\"@type\":\"ReadAction\",\"target\":[\"https:\\\/\\\/ashokacanada.org\\\/fr\\\/home_stories\\\/home_event\\\/\"]}]},{\"@type\":\"BreadcrumbList\",\"@id\":\"https:\\\/\\\/ashokacanada.org\\\/fr\\\/home_stories\\\/home_event\\\/#breadcrumb\",\"itemListElement\":[{\"@type\":\"ListItem\",\"position\":1,\"name\":\"Home\",\"item\":\"https:\\\/\\\/ashokacanada.org\\\/fr\\\/\"},{\"@type\":\"ListItem\",\"position\":2,\"name\":\"HOME\"}]},{\"@type\":\"WebSite\",\"@id\":\"https:\\\/\\\/ashokacanada.org\\\/fr\\\/#website\",\"url\":\"https:\\\/\\\/ashokacanada.org\\\/fr\\\/\",\"name\":\"Ashoka Canada\",\"description\":\"The Power of the Networks\",\"publisher\":{\"@id\":\"https:\\\/\\\/ashokacanada.org\\\/fr\\\/#organization\"},\"potentialAction\":[{\"@type\":\"SearchAction\",\"target\":{\"@type\":\"EntryPoint\",\"urlTemplate\":\"https:\\\/\\\/ashokacanada.org\\\/fr\\\/?s={search_term_string}\"},\"query-input\":{\"@type\":\"PropertyValueSpecification\",\"valueRequired\":true,\"valueName\":\"search_term_string\"}}],\"inLanguage\":\"fr-FR\"},{\"@type\":\"Organization\",\"@id\":\"https:\\\/\\\/ashokacanada.org\\\/fr\\\/#organization\",\"name\":\"Ashoka Canada\",\"url\":\"https:\\\/\\\/ashokacanada.org\\\/fr\\\/\",\"logo\":{\"@type\":\"ImageObject\",\"inLanguage\":\"fr-FR\",\"@id\":\"https:\\\/\\\/ashokacanada.org\\\/fr\\\/#\\\/schema\\\/logo\\\/image\\\/\",\"url\":\"https:\\\/\\\/ashokacanada.org\\\/wp-content\\\/uploads\\\/2019\\\/08\\\/ashoka_canada_logo.svg\",\"contentUrl\":\"https:\\\/\\\/ashokacanada.org\\\/wp-content\\\/uploads\\\/2019\\\/08\\\/ashoka_canada_logo.svg\",\"width\":1024,\"height\":1024,\"caption\":\"Ashoka Canada\"},\"image\":{\"@id\":\"https:\\\/\\\/ashokacanada.org\\\/fr\\\/#\\\/schema\\\/logo\\\/image\\\/\"},\"sameAs\":[\"https:\\\/\\\/www.facebook.com\\\/AshokaCanada\\\/\",\"https:\\\/\\\/x.com\\\/ashokacanada\",\"https:\\\/\\\/www.linkedin.com\\\/company\\\/ashoka-canada-\\\/\"]}]}<\/script>\n<!-- \/ Yoast SEO plugin. -->","yoast_head_json":{"title":"Ashoka Canada | Everyone a Changemaker","description":"Ashoka Canada recognizes, supports, and connects a national network of leading changemakers, amplifying solutions and embedding empathy and changemaking into Canadian society.","robots":{"index":"index","follow":"follow","max-snippet":"max-snippet:-1","max-image-preview":"max-image-preview:large","max-video-preview":"max-video-preview:-1"},"canonical":"https:\/\/ashokacanada.org\/fr\/home_stories\/home_event\/","og_locale":"fr_FR","og_type":"article","og_title":"Ashoka Canada | Everyone a Changemaker","og_description":"Ashoka Canada recognizes, supports, and connects a national network of leading changemakers, amplifying solutions and embedding empathy and changemaking into Canadian society.","og_url":"https:\/\/ashokacanada.org\/fr\/home_stories\/home_event\/","og_site_name":"Ashoka Canada","article_publisher":"https:\/\/www.facebook.com\/AshokaCanada\/","article_modified_time":"2021-01-11T21:53:57+00:00","og_image":[{"width":1200,"height":628,"url":"https:\/\/ashokacanada.org\/wp-content\/uploads\/2020\/04\/ashoka-canada-blue.png","type":"image\/png"}],"twitter_card":"summary_large_image","twitter_title":"Ashoka Canada | Everyone a Changemaker","twitter_description":"Ashoka Canada recognizes, supports, and connects a national network of leading changemakers, amplifying solutions and embedding empathy and changemaking into Canadian society.","twitter_image":"https:\/\/ashokacanada.org\/wp-content\/uploads\/2020\/04\/ashoka-canada-blue.png","twitter_site":"@ashokacanada","twitter_misc":{"Dur\u00e9e de lecture estim\u00e9e":"6 minutes"},"schema":{"@context":"https:\/\/schema.org","@graph":[{"@type":"WebPage","@id":"https:\/\/ashokacanada.org\/fr\/home_stories\/home_event\/","url":"https:\/\/ashokacanada.org\/fr\/home_stories\/home_event\/","name":"Ashoka Canada | Everyone a Changemaker","isPartOf":{"@id":"https:\/\/ashokacanada.org\/fr\/#website"},"datePublished":"2020-10-27T16:22:32+00:00","dateModified":"2021-01-11T21:53:57+00:00","description":"Ashoka Canada recognizes, supports, and connects a national network of leading changemakers, amplifying solutions and embedding empathy and changemaking into Canadian society.","breadcrumb":{"@id":"https:\/\/ashokacanada.org\/fr\/home_stories\/home_event\/#breadcrumb"},"inLanguage":"fr-FR","potentialAction":[{"@type":"ReadAction","target":["https:\/\/ashokacanada.org\/fr\/home_stories\/home_event\/"]}]},{"@type":"BreadcrumbList","@id":"https:\/\/ashokacanada.org\/fr\/home_stories\/home_event\/#breadcrumb","itemListElement":[{"@type":"ListItem","position":1,"name":"Home","item":"https:\/\/ashokacanada.org\/fr\/"},{"@type":"ListItem","position":2,"name":"HOME"}]},{"@type":"WebSite","@id":"https:\/\/ashokacanada.org\/fr\/#website","url":"https:\/\/ashokacanada.org\/fr\/","name":"Ashoka Canada","description":"The Power of the Networks","publisher":{"@id":"https:\/\/ashokacanada.org\/fr\/#organization"},"potentialAction":[{"@type":"SearchAction","target":{"@type":"EntryPoint","urlTemplate":"https:\/\/ashokacanada.org\/fr\/?s={search_term_string}"},"query-input":{"@type":"PropertyValueSpecification","valueRequired":true,"valueName":"search_term_string"}}],"inLanguage":"fr-FR"},{"@type":"Organization","@id":"https:\/\/ashokacanada.org\/fr\/#organization","name":"Ashoka Canada","url":"https:\/\/ashokacanada.org\/fr\/","logo":{"@type":"ImageObject","inLanguage":"fr-FR","@id":"https:\/\/ashokacanada.org\/fr\/#\/schema\/logo\/image\/","url":"https:\/\/ashokacanada.org\/wp-content\/uploads\/2019\/08\/ashoka_canada_logo.svg","contentUrl":"https:\/\/ashokacanada.org\/wp-content\/uploads\/2019\/08\/ashoka_canada_logo.svg","width":1024,"height":1024,"caption":"Ashoka Canada"},"image":{"@id":"https:\/\/ashokacanada.org\/fr\/#\/schema\/logo\/image\/"},"sameAs":["https:\/\/www.facebook.com\/AshokaCanada\/","https:\/\/x.com\/ashokacanada","https:\/\/www.linkedin.com\/company\/ashoka-canada-\/"]}]}},"_links":{"self":[{"href":"https:\/\/ashokacanada.org\/fr\/wp-json\/wp\/v2\/pages\/11568","targetHints":{"allow":["GET"]}}],"collection":[{"href":"https:\/\/ashokacanada.org\/fr\/wp-json\/wp\/v2\/pages"}],"about":[{"href":"https:\/\/ashokacanada.org\/fr\/wp-json\/wp\/v2\/types\/page"}],"author":[{"embeddable":true,"href":"https:\/\/ashokacanada.org\/fr\/wp-json\/wp\/v2\/users\/22"}],"replies":[{"embeddable":true,"href":"https:\/\/ashokacanada.org\/fr\/wp-json\/wp\/v2\/comments?post=11568"}],"version-history":[{"count":10,"href":"https:\/\/ashokacanada.org\/fr\/wp-json\/wp\/v2\/pages\/11568\/revisions"}],"predecessor-version":[{"id":12316,"href":"https:\/\/ashokacanada.org\/fr\/wp-json\/wp\/v2\/pages\/11568\/revisions\/12316"}],"up":[{"embeddable":true,"href":"https:\/\/ashokacanada.org\/fr\/wp-json\/wp\/v2\/pages\/18023"}],"wp:attachment":[{"href":"https:\/\/ashokacanada.org\/fr\/wp-json\/wp\/v2\/media?parent=11568"}],"curies":[{"name":"wp","href":"https:\/\/api.w.org\/{rel}","templated":true}]}}