{"id":14383,"date":"2022-12-06T19:58:24","date_gmt":"2022-12-06T23:58:24","guid":{"rendered":"https:\/\/ashokacanada.org\/?page_id=14383"},"modified":"2024-05-13T16:43:45","modified_gmt":"2024-05-13T20:43:45","slug":"evenements","status":"publish","type":"page","link":"https:\/\/ashokacanada.org\/fr\/a-propos\/evenements\/","title":{"rendered":"\u00c9v\u00e9nements"},"content":{"rendered":"[vc_row type=\u00a0\u00bbfull_width_background\u00a0\u00bb full_screen_row_position=\u00a0\u00bbmiddle\u00a0\u00bb column_margin=\u00a0\u00bbdefault\u00a0\u00bb column_direction=\u00a0\u00bbdefault\u00a0\u00bb column_direction_tablet=\u00a0\u00bbdefault\u00a0\u00bb column_direction_phone=\u00a0\u00bbdefault\u00a0\u00bb bg_color=\u00a0\u00bb#ffffff\u00a0\u00bb scene_position=\u00a0\u00bbcenter\u00a0\u00bb top_padding=\u00a0\u00bb10%\u00a0\u00bb bottom_padding=\u00a0\u00bb10%\u00a0\u00bb text_color=\u00a0\u00bbdark\u00a0\u00bb text_align=\u00a0\u00bbleft\u00a0\u00bb row_border_radius=\u00a0\u00bbnone\u00a0\u00bb row_border_radius_applies=\u00a0\u00bbbg\u00a0\u00bb overflow=\u00a0\u00bbvisible\u00a0\u00bb overlay_strength=\u00a0\u00bb1&Prime; gradient_direction=\u00a0\u00bbleft_to_right\u00a0\u00bb shape_divider_position=\u00a0\u00bbbottom\u00a0\u00bb bg_image_animation=\u00a0\u00bbnone\u00a0\u00bb][vc_column column_padding=\u00a0\u00bbno-extra-padding\u00a0\u00bb column_padding_tablet=\u00a0\u00bbinherit\u00a0\u00bb column_padding_phone=\u00a0\u00bbinherit\u00a0\u00bb column_padding_position=\u00a0\u00bball\u00a0\u00bb column_element_spacing=\u00a0\u00bbdefault\u00a0\u00bb background_color_opacity=\u00a0\u00bb1&Prime; background_hover_color_opacity=\u00a0\u00bb1&Prime; column_shadow=\u00a0\u00bbnone\u00a0\u00bb column_border_radius=\u00a0\u00bbnone\u00a0\u00bb column_link_target=\u00a0\u00bb_self\u00a0\u00bb column_position=\u00a0\u00bbdefault\u00a0\u00bb gradient_direction=\u00a0\u00bbleft_to_right\u00a0\u00bb overlay_strength=\u00a0\u00bb0.3&Prime; width=\u00a0\u00bb2\/3&Prime; tablet_width_inherit=\u00a0\u00bbdefault\u00a0\u00bb tablet_text_alignment=\u00a0\u00bbdefault\u00a0\u00bb phone_text_alignment=\u00a0\u00bbdefault\u00a0\u00bb animation_type=\u00a0\u00bbdefault\u00a0\u00bb bg_image_animation=\u00a0\u00bbnone\u00a0\u00bb border_type=\u00a0\u00bbsimple\u00a0\u00bb column_border_width=\u00a0\u00bbnone\u00a0\u00bb column_border_style=\u00a0\u00bbsolid\u00a0\u00bb][vc_column_text]\n<h2>\u00c9v\u00e9nement pass\u00e9<\/h2>\n[\/vc_column_text][vc_column_text]<em>L\u2019\u00e9v\u00e9nement d\u00e9crit ci-dessous s\u2019est tenu sur le campus de HEC Montr\u00e9al le jeudi 20\u00a0octobre 2022<\/em><\/p>\n<h2>La nouvelle long\u00e9vit\u00e9: un changement d\u00e9mographique catalyseur d\u2019innovation<\/h2>\n<p><strong>Compte rendu de l\u2019\u00e9v\u00e9nement<\/strong><\/p>\n<p>Le 20 octobre 2022, Ashoka Canada, (le p\u00f4le de gestion de l\u2019impact social <a href=\"https:\/\/ideos.hec.ca\/\">IDEOS<\/a>\u00a0et la\u00a0<a href=\"https:\/\/www.hec.ca\/gestion-durable-responsable\/direction-du-developpement-durable\/index.html\">direction du d\u00e9veloppement durable<\/a>), et la\u00a0<a href=\"https:\/\/www.mis.quebec\/\">Maison de l\u2019innovation sociale<\/a>\u00a0(MIS) ont organis\u00e9 un \u00e9v\u00e9nement en personne \u00e0 Montr\u00e9al qui a rassembl\u00e9 des repr\u00e9sentant\u00b7e\u00b7s de multiples secteurs afin de discuter de pratiques innovantes permettant d\u2019am\u00e9liorer la situation des personnes \u00e2g\u00e9es. Pour la premi\u00e8re fois dans l\u2019histoire de l\u2019humanit\u00e9, il y a plus de personnes de plus de 65 ans que d\u2019enfants \u00e2g\u00e9s de 5 ans et moins sur la plan\u00e8te. Ce changement d\u00e9mographique apportera son lot de d\u00e9fis, mais \u00e9galement d\u2019occasions d\u2019induire des changements et des transformations.<\/p>\n<p>Les participant\u00b7e\u00b7s ont eu l\u2019occasion d\u2019\u00e9couter des innovateurs sociaux de classe mondiale\u00a0: le Fellow Ashoka Marc Freedman, fondateur et copr\u00e9sident g\u00e9n\u00e9ral de CoGenerate, ainsi que Jean-Daniel Muller, cofondateur et pr\u00e9sident g\u00e9n\u00e9ral de Siel Bleu. Tous les deux repr\u00e9sentaient le <a href=\"https:\/\/www.next-now.org\/new-longevity\">mouvement de la nouvelle long\u00e9vit\u00e9 d\u2019Ashoka<\/a>. La nouvelle long\u00e9vit\u00e9 jette un regard neuf sur le vieillissement, offrant des exemples concrets de moyens de changer les normes et de cr\u00e9er des espaces o\u00f9 les gens peuvent, tout au long de leur vie, apporter des contributions et tisser des liens, de m\u00eame qu\u2019assurer leur s\u00e9curit\u00e9 financi\u00e8re et leur bien-\u00eatre. Un paradigme cl\u00e9 pr\u00e9sent\u00e9 lors de l\u2019\u00e9v\u00e9nement a \u00e9t\u00e9 l\u2019importance d\u2019\u00e9largir nos perspectives sur le vieillissement\u00a0: ce dernier ph\u00e9nom\u00e8ne ne se limite pas uniquement une population particuli\u00e8re; il s\u2019agit d\u2019une exp\u00e9rience humaine universelle.<\/p>\n<p>Alain Dubuc, qui est conseiller strat\u00e9gique \u00e0 l\u2019<a href=\"https:\/\/institutduquebec.ca\/\">Institut du Qu\u00e9bec<\/a>, et David Boisclair, qui est le directeur g\u00e9n\u00e9ral de l\u2019<a href=\"https:\/\/ire.hec.ca\/\">Institut sur la retraite et l\u2019\u00e9pargne<\/a>, ont d\u00e9crit certaines des implications \u00e0 long terme de ce changement d\u00e9mographique. Dans leur pr\u00e9sentation, ils ont notamment parl\u00e9 de l\u2019important fardeau que ce changement repr\u00e9senterait pour le syst\u00e8me de sant\u00e9 qu\u00e9b\u00e9cois si les solutions propos\u00e9es continuent de d\u00e9pendre fortement de la capacit\u00e9 de r\u00e9ponse et des services des \u00e9tablissements de sant\u00e9. Am\u00e9liorer le soutien \u00e0 domicile est l\u2019une des nombreuses solutions potentielles pour r\u00e9duire la pression sur le syst\u00e8me de sant\u00e9.<\/p>\n<p>Les participant\u00b7e\u00b7s \u00e0 un atelier interactif dirig\u00e9 par la MIS ont eu l\u2019occasion de r\u00e9fl\u00e9chir aux r\u00f4les des a\u00een\u00e9\u00b7e\u00b7s dans le renforcement de la r\u00e9silience des communaut\u00e9s. Ils ont analys\u00e9 les obstacles et les occasions de promouvoir l\u2019inclusion et la v\u00e9ritable participation des a\u00een\u00e9\u00b7e\u00b7s dans leur communaut\u00e9, de m\u00eame que les retomb\u00e9es potentielles si les communaut\u00e9s parvenaient \u00e0 \u00e9tablir des relations interg\u00e9n\u00e9rationnelles et \u00e0 r\u00e9soudre leurs probl\u00e8mes.<\/p>\n<p>Sur le c\u00f4t\u00e9 droit de cette page, vous trouverez un article paru dans <em>Le Devoir <\/em>au sujet de l\u2019\u00e9v\u00e9nement, de m\u00eame que les ressources pr\u00e9sent\u00e9es par les conf\u00e9renciers ou li\u00e9es \u00e0 leur travail.<\/p>\n<p><em>Cet \u00e9v\u00e9nement a \u00e9t\u00e9 rendu possible gr\u00e2ce au soutien financier de la Fondation Mirella et Lino Saputo.<\/em>[\/vc_column_text][vc_gallery type=\u00a0\u00bbnectarslider_style\u00a0\u00bb images=\u00a0\u00bb14445,14447,14449,14451,14453,14443,14464,14466,14468&Prime; image_loading=\u00a0\u00bbdefault\u00a0\u00bb bullet_navigation_style=\u00a0\u00bbsee_through\u00a0\u00bb onclick=\u00a0\u00bblink_no\u00a0\u00bb][vc_column_text]\n<p style=\"text-align: center;\"><em>cr\u00e9dits photographiques: Youssef Shoufan<\/em><\/p>\n[\/vc_column_text][\/vc_column][vc_column column_padding=\u00a0\u00bbno-extra-padding\u00a0\u00bb column_padding_tablet=\u00a0\u00bbinherit\u00a0\u00bb column_padding_phone=\u00a0\u00bbinherit\u00a0\u00bb column_padding_position=\u00a0\u00bball\u00a0\u00bb column_element_spacing=\u00a0\u00bbdefault\u00a0\u00bb centered_text=\u00a0\u00bbtrue\u00a0\u00bb background_color_opacity=\u00a0\u00bb1&Prime; background_hover_color_opacity=\u00a0\u00bb1&Prime; column_shadow=\u00a0\u00bbnone\u00a0\u00bb column_border_radius=\u00a0\u00bbnone\u00a0\u00bb column_link_target=\u00a0\u00bb_self\u00a0\u00bb column_position=\u00a0\u00bbdefault\u00a0\u00bb advanced_gradient_angle=\u00a0\u00bb0&Prime; gradient_direction=\u00a0\u00bbleft_to_right\u00a0\u00bb overlay_strength=\u00a0\u00bb0.3&Prime; width=\u00a0\u00bb1\/3&Prime; tablet_width_inherit=\u00a0\u00bbdefault\u00a0\u00bb tablet_text_alignment=\u00a0\u00bbdefault\u00a0\u00bb phone_text_alignment=\u00a0\u00bbdefault\u00a0\u00bb animation_type=\u00a0\u00bbdefault\u00a0\u00bb bg_image_animation=\u00a0\u00bbnone\u00a0\u00bb border_type=\u00a0\u00bbsimple\u00a0\u00bb column_border_width=\u00a0\u00bbnone\u00a0\u00bb column_border_style=\u00a0\u00bbsolid\u00a0\u00bb gradient_type=\u00a0\u00bbdefault\u00a0\u00bb][divider line_type=\u00a0\u00bbNo Line\u00a0\u00bb custom_height=\u00a0\u00bb120px\u00a0\u00bb][nectar_cta btn_style=\u00a0\u00bbbasic\u00a0\u00bb heading_tag=\u00a0\u00bbh6&Prime; text_color=\u00a0\u00bb#ffffff\u00a0\u00bb button_color=\u00a0\u00bbaccent-color\u00a0\u00bb button_border_thickness=\u00a0\u00bb3px\u00a0\u00bb link_type=\u00a0\u00bbnew_tab\u00a0\u00bb alignment=\u00a0\u00bbcenter\u00a0\u00bb alignment_tablet=\u00a0\u00bbdefault\u00a0\u00bb alignment_phone=\u00a0\u00bbdefault\u00a0\u00bb display=\u00a0\u00bbblock\u00a0\u00bb display_tablet=\u00a0\u00bbinherit\u00a0\u00bb display_phone=\u00a0\u00bbinherit\u00a0\u00bb url=\u00a0\u00bbhttps:\/\/www.ledevoir.com\/societe\/770122\/la-nouvelle-longevite-une-idee-novatrice-et-porteuse-de-sens\u00a0\u00bb link_text=\u00a0\u00bbLien vers l&rsquo;article du Devoir\u00a0\u00bb padding_top=\u00a0\u00bb4&Prime; padding_bottom=\u00a0\u00bb4&Prime; padding_left=\u00a0\u00bb4&Prime; padding_right=\u00a0\u00bb4&Prime;][divider line_type=\u00a0\u00bbFull Width Line\u00a0\u00bb line_thickness=\u00a0\u00bb2&Prime; divider_color=\u00a0\u00bbdefault\u00a0\u00bb][vc_column_text]\n<p style=\"text-align: center;\"><strong>Key resources shared by or related to the speakers:<\/strong><\/p>\n[\/vc_column_text][toggles style=\u00a0\u00bbminimal_small\u00a0\u00bb][toggle color=\u00a0\u00bbAccent-Color\u00a0\u00bb title=\u00a0\u00bbMarc Freedman\u00a0\u00bb][vc_column_text]Que se passerait-il si les vieilles et les jeunes g\u00e9n\u00e9rations d\u00e9cidaient de travailler ensemble pour r\u00e9soudre des probl\u00e8mes qu\u2019aucune g\u00e9n\u00e9ration ne peut r\u00e9soudre seule? D\u00e9couvrez l\u2019incidence du travail de <a href=\"https:\/\/cogenerate.org\/\">CoGenerate<\/a>. Vous pouvez \u00e9galement en apprendre davantage sur le travail de Marc en visionnant l\u2019enregistrement de cette <a href=\"https:\/\/www.youtube.com\/watch?v=1sq0fjWMUzU\">conf\u00e9rence Tedx<\/a>.[\/vc_column_text][vc_column_text][\/vc_column_text][\/toggle][toggle color=\u00a0\u00bbAccent-Color\u00a0\u00bb title=\u00a0\u00bbJean-Daniel Muller\u00a0\u00bb][vc_column_text]<a href=\"https:\/\/www.sielbleu.org\/\">Siel Bleu<\/a> est une organisation \u00e0 but non lucratif qui sert plus de 140\u2009000 b\u00e9n\u00e9ficiaires par semaine dans neuf pays. Jean-Daniel a parl\u00e9 des b\u00e9n\u00e9fices r\u00e9els de l\u2019activit\u00e9 physique adapt\u00e9e pour la sant\u00e9 (APA), le bien-\u00eatre et les relations. Les programmes offerts par Siel Bleu promeuvent l\u2019autonomie de la personne et une saine qualit\u00e9 de vie par l\u2019entremise d\u2019activit\u00e9s dirig\u00e9es par des professionnel\u00b7le\u00b7s ayant une formation en APA. En 2013, l\u2019<a href=\"https:\/\/institut.sielbleu.org\/?gclid=CjwKCAiApvebBhAvEiwAe7mHSKkIJdI6YNyL5XwarsLkQhqWgAW9Dvk0deKO3X5czb-nDED2vxsOaxoCiowQAvD_BwE\">Institut Siel Bleu<\/a> a \u00e9t\u00e9 fond\u00e9 pour d\u00e9velopper, \u00e9tudier et diffuser de nouvelles pratiques ax\u00e9es sur l\u2019APA afin d\u2019am\u00e9liorer l\u2019\u00e9tat de sant\u00e9 et la qualit\u00e9 de vie des personnes affaiblies par une maladie, une situation de handicap ou un \u00e2ge avanc\u00e9.[\/vc_column_text][vc_column_text][\/vc_column_text][\/toggle][toggle color=\u00a0\u00bbAccent-Color\u00a0\u00bb title=\u00a0\u00bbAlain Dubuc\u00a0\u00bb][vc_column_text]L\u2019Institut du Qu\u00e9bec est une organisation \u00e0 but non lucratif dont les recherches et les \u00e9tudes se penchent sur les probl\u00e8mes socio\u00e9conomiques au Qu\u00e9bec. Alain Dubuc est l\u2019auteur d\u2019un rapport \u00e9clairant sur les soins de sant\u00e9 \u00e0 domicile au Qu\u00e9bec intitul\u00e9 <a href=\"https:\/\/institutduquebec.ca\/wp-content\/uploads\/2021\/08\/202108-IDQ-Soins-a-domicile.pdf\"><em>Soins \u00e0 domicile\u00a0: Le statu quo ne sera plus possible<\/em><\/a>.[\/vc_column_text][vc_column_text][\/vc_column_text][\/toggle][toggle color=\u00a0\u00bbAccent-Color\u00a0\u00bb title=\u00a0\u00bbDavid Boisclair\u00a0\u00bb][vc_column_text]L\u2019Institut sur la retraite et l\u2019\u00e9pargne cherche \u00e0 promouvoir la recherche de pointe \u00e0 HEC Montr\u00e9al dans le but de mieux comprendre les probl\u00e8mes li\u00e9s \u00e0 la retraite, \u00e0 l\u2019\u00e9pargne et \u00e0 l\u2019assurance. Vous pouvez consulter ses publications en visitant le <a href=\"https:\/\/ire.hec.ca\/\">site de l&rsquo;IRE<\/a>.<\/p>\n[\/vc_column_text][\/toggle][\/toggles][divider line_type=\u00a0\u00bbFull Width Line\u00a0\u00bb line_thickness=\u00a0\u00bb2&Prime; divider_color=\u00a0\u00bbdefault\u00a0\u00bb][vc_column_text]\n<p class=\"p1\">Pour en savoir plus sur les entrepreneur\u00b7e\u00b7s sociaux et les id\u00e9es qui red\u00e9finissent la long\u00e9vit\u00e9, nous vous invitons \u00e0 t\u00e9l\u00e9charger l\u2019application My Longevity en scannant le code QR avec votre appareil mobile.<\/p>\n[\/vc_column_text][image_with_animation image_url=\u00a0\u00bb14424&Prime; image_size=\u00a0\u00bbthumbnail\u00a0\u00bb animation_type=\u00a0\u00bbentrance\u00a0\u00bb animation=\u00a0\u00bbFade In\u00a0\u00bb hover_animation=\u00a0\u00bbnone\u00a0\u00bb alignment=\u00a0\u00bb\u00a0\u00bb border_radius=\u00a0\u00bbnone\u00a0\u00bb box_shadow=\u00a0\u00bbnone\u00a0\u00bb image_loading=\u00a0\u00bbdefault\u00a0\u00bb max_width=\u00a0\u00bb100%\u00a0\u00bb max_width_mobile=\u00a0\u00bbdefault\u00a0\u00bb][\/vc_column][\/vc_row]\n","protected":false},"excerpt":{"rendered":"<p>[vc_row type=\u00a0\u00bbfull_width_background\u00a0\u00bb full_screen_row_position=\u00a0\u00bbmiddle\u00a0\u00bb column_margin=\u00a0\u00bbdefault\u00a0\u00bb column_direction=\u00a0\u00bbdefault\u00a0\u00bb column_direction_tablet=\u00a0\u00bbdefault\u00a0\u00bb column_direction_phone=\u00a0\u00bbdefault\u00a0\u00bb bg_color=\u00a0\u00bb#ffffff\u00a0\u00bb scene_position=\u00a0\u00bbcenter\u00a0\u00bb top_padding=\u00a0\u00bb10%\u00a0\u00bb bottom_padding=\u00a0\u00bb10%\u00a0\u00bb text_color=\u00a0\u00bbdark\u00a0\u00bb text_align=\u00a0\u00bbleft\u00a0\u00bb row_border_radius=\u00a0\u00bbnone\u00a0\u00bb row_border_radius_applies=\u00a0\u00bbbg\u00a0\u00bb overflow=\u00a0\u00bbvisible\u00a0\u00bb overlay_strength=\u00a0\u00bb1&Prime; gradient_direction=\u00a0\u00bbleft_to_right\u00a0\u00bb shape_divider_position=\u00a0\u00bbbottom\u00a0\u00bb bg_image_animation=\u00a0\u00bbnone\u00a0\u00bb][vc_column column_padding=\u00a0\u00bbno-extra-padding\u00a0\u00bb column_padding_tablet=\u00a0\u00bbinherit\u00a0\u00bb column_padding_phone=\u00a0\u00bbinherit\u00a0\u00bb column_padding_position=\u00a0\u00bball\u00a0\u00bb column_element_spacing=\u00a0\u00bbdefault\u00a0\u00bb background_color_opacity=\u00a0\u00bb1&Prime; background_hover_color_opacity=\u00a0\u00bb1&Prime; column_shadow=\u00a0\u00bbnone\u00a0\u00bb column_border_radius=\u00a0\u00bbnone\u00a0\u00bb column_link_target=\u00a0\u00bb_self\u00a0\u00bb&#8230;<\/p>\n","protected":false},"author":12,"featured_media":0,"parent":4599,"menu_order":5,"comment_status":"closed","ping_status":"closed","template":"page-parents.php","meta":{"_acf_changed":false,"footnotes":""},"class_list":["post-14383","page","type-page","status-publish"],"acf":[],"yoast_head":"<!-- This site is optimized with the Yoast SEO plugin v27.4 - https:\/\/yoast.com\/product\/yoast-seo-wordpress\/ -->\n<title>Ashoka Canada - \u00c9v\u00e9nement pass\u00e9<\/title>\n<meta name=\"description\" content=\"Pour la premi\u00e8re fois dans l\u2019histoire de l\u2019humanit\u00e9, il y a plus de personnes de plus de 65 ans que d\u2019enfants \u00e2g\u00e9s de 5 ans et moins sur la plan\u00e8te. Ce changement d\u00e9mographique apportera son lot de d\u00e9fis, mais \u00e9galement d\u2019occasions d\u2019induire des changements et des transformations.\" \/>\n<meta name=\"robots\" content=\"index, follow, max-snippet:-1, max-image-preview:large, max-video-preview:-1\" \/>\n<link rel=\"canonical\" href=\"https:\/\/ashokacanada.org\/fr\/a-propos\/evenements\/\" \/>\n<meta property=\"og:locale\" content=\"fr_FR\" \/>\n<meta property=\"og:type\" content=\"article\" \/>\n<meta property=\"og:title\" content=\"Ashoka Canada - \u00c9v\u00e9nement pass\u00e9\" \/>\n<meta property=\"og:description\" content=\"Pour la premi\u00e8re fois dans l\u2019histoire de l\u2019humanit\u00e9, il y a plus de personnes de plus de 65 ans que d\u2019enfants \u00e2g\u00e9s de 5 ans et moins sur la plan\u00e8te. Ce changement d\u00e9mographique apportera son lot de d\u00e9fis, mais \u00e9galement d\u2019occasions d\u2019induire des changements et des transformations.\" \/>\n<meta property=\"og:url\" content=\"https:\/\/ashokacanada.org\/fr\/a-propos\/evenements\/\" \/>\n<meta property=\"og:site_name\" content=\"Ashoka Canada\" \/>\n<meta property=\"article:publisher\" content=\"https:\/\/www.facebook.com\/AshokaCanada\/\" \/>\n<meta property=\"article:modified_time\" content=\"2024-05-13T20:43:45+00:00\" \/>\n<meta property=\"og:image\" content=\"https:\/\/ashokacanada.org\/wp-content\/uploads\/2020\/04\/ashoka-canada-blue.png\" \/>\n\t<meta property=\"og:image:width\" content=\"1200\" \/>\n\t<meta property=\"og:image:height\" content=\"628\" \/>\n\t<meta property=\"og:image:type\" content=\"image\/png\" \/>\n<meta name=\"twitter:card\" content=\"summary_large_image\" \/>\n<meta name=\"twitter:image\" content=\"https:\/\/ashokacanada.org\/wp-content\/uploads\/2022\/12\/2022-10-20-MIS-150017-IMG_0237-photo-Youssef-Shoufan-FD.jpg\" \/>\n<meta name=\"twitter:site\" content=\"@ashokacanada\" \/>\n<meta name=\"twitter:label1\" content=\"Dur\u00e9e de lecture estim\u00e9e\" \/>\n\t<meta name=\"twitter:data1\" content=\"7 minutes\" \/>\n<script type=\"application\/ld+json\" class=\"yoast-schema-graph\">{\"@context\":\"https:\\\/\\\/schema.org\",\"@graph\":[{\"@type\":\"WebPage\",\"@id\":\"https:\\\/\\\/ashokacanada.org\\\/fr\\\/a-propos\\\/evenements\\\/\",\"url\":\"https:\\\/\\\/ashokacanada.org\\\/fr\\\/a-propos\\\/evenements\\\/\",\"name\":\"Ashoka Canada - \u00c9v\u00e9nement pass\u00e9\",\"isPartOf\":{\"@id\":\"https:\\\/\\\/ashokacanada.org\\\/fr\\\/#website\"},\"datePublished\":\"2022-12-06T23:58:24+00:00\",\"dateModified\":\"2024-05-13T20:43:45+00:00\",\"description\":\"Pour la premi\u00e8re fois dans l\u2019histoire de l\u2019humanit\u00e9, il y a plus de personnes de plus de 65 ans que d\u2019enfants \u00e2g\u00e9s de 5 ans et moins sur la plan\u00e8te. Ce changement d\u00e9mographique apportera son lot de d\u00e9fis, mais \u00e9galement d\u2019occasions d\u2019induire des changements et des transformations.\",\"breadcrumb\":{\"@id\":\"https:\\\/\\\/ashokacanada.org\\\/fr\\\/a-propos\\\/evenements\\\/#breadcrumb\"},\"inLanguage\":\"fr-FR\",\"potentialAction\":[{\"@type\":\"ReadAction\",\"target\":[\"https:\\\/\\\/ashokacanada.org\\\/fr\\\/a-propos\\\/evenements\\\/\"]}]},{\"@type\":\"BreadcrumbList\",\"@id\":\"https:\\\/\\\/ashokacanada.org\\\/fr\\\/a-propos\\\/evenements\\\/#breadcrumb\",\"itemListElement\":[{\"@type\":\"ListItem\",\"position\":1,\"name\":\"Home\",\"item\":\"https:\\\/\\\/ashokacanada.org\\\/fr\\\/\"},{\"@type\":\"ListItem\",\"position\":2,\"name\":\"\u00c0 Propos\",\"item\":\"https:\\\/\\\/ashokacanada.org\\\/fr\\\/a-propos\\\/\"},{\"@type\":\"ListItem\",\"position\":3,\"name\":\"\u00c9v\u00e9nements\"}]},{\"@type\":\"WebSite\",\"@id\":\"https:\\\/\\\/ashokacanada.org\\\/fr\\\/#website\",\"url\":\"https:\\\/\\\/ashokacanada.org\\\/fr\\\/\",\"name\":\"Ashoka Canada\",\"description\":\"The Power of the Networks\",\"publisher\":{\"@id\":\"https:\\\/\\\/ashokacanada.org\\\/fr\\\/#organization\"},\"potentialAction\":[{\"@type\":\"SearchAction\",\"target\":{\"@type\":\"EntryPoint\",\"urlTemplate\":\"https:\\\/\\\/ashokacanada.org\\\/fr\\\/?s={search_term_string}\"},\"query-input\":{\"@type\":\"PropertyValueSpecification\",\"valueRequired\":true,\"valueName\":\"search_term_string\"}}],\"inLanguage\":\"fr-FR\"},{\"@type\":\"Organization\",\"@id\":\"https:\\\/\\\/ashokacanada.org\\\/fr\\\/#organization\",\"name\":\"Ashoka Canada\",\"url\":\"https:\\\/\\\/ashokacanada.org\\\/fr\\\/\",\"logo\":{\"@type\":\"ImageObject\",\"inLanguage\":\"fr-FR\",\"@id\":\"https:\\\/\\\/ashokacanada.org\\\/fr\\\/#\\\/schema\\\/logo\\\/image\\\/\",\"url\":\"https:\\\/\\\/ashokacanada.org\\\/wp-content\\\/uploads\\\/2019\\\/08\\\/ashoka_canada_logo.svg\",\"contentUrl\":\"https:\\\/\\\/ashokacanada.org\\\/wp-content\\\/uploads\\\/2019\\\/08\\\/ashoka_canada_logo.svg\",\"width\":1024,\"height\":1024,\"caption\":\"Ashoka Canada\"},\"image\":{\"@id\":\"https:\\\/\\\/ashokacanada.org\\\/fr\\\/#\\\/schema\\\/logo\\\/image\\\/\"},\"sameAs\":[\"https:\\\/\\\/www.facebook.com\\\/AshokaCanada\\\/\",\"https:\\\/\\\/x.com\\\/ashokacanada\",\"https:\\\/\\\/www.linkedin.com\\\/company\\\/ashoka-canada-\\\/\"]}]}<\/script>\n<!-- \/ Yoast SEO plugin. -->","yoast_head_json":{"title":"Ashoka Canada - \u00c9v\u00e9nement pass\u00e9","description":"Pour la premi\u00e8re fois dans l\u2019histoire de l\u2019humanit\u00e9, il y a plus de personnes de plus de 65 ans que d\u2019enfants \u00e2g\u00e9s de 5 ans et moins sur la plan\u00e8te. Ce changement d\u00e9mographique apportera son lot de d\u00e9fis, mais \u00e9galement d\u2019occasions d\u2019induire des changements et des transformations.","robots":{"index":"index","follow":"follow","max-snippet":"max-snippet:-1","max-image-preview":"max-image-preview:large","max-video-preview":"max-video-preview:-1"},"canonical":"https:\/\/ashokacanada.org\/fr\/a-propos\/evenements\/","og_locale":"fr_FR","og_type":"article","og_title":"Ashoka Canada - \u00c9v\u00e9nement pass\u00e9","og_description":"Pour la premi\u00e8re fois dans l\u2019histoire de l\u2019humanit\u00e9, il y a plus de personnes de plus de 65 ans que d\u2019enfants \u00e2g\u00e9s de 5 ans et moins sur la plan\u00e8te. Ce changement d\u00e9mographique apportera son lot de d\u00e9fis, mais \u00e9galement d\u2019occasions d\u2019induire des changements et des transformations.","og_url":"https:\/\/ashokacanada.org\/fr\/a-propos\/evenements\/","og_site_name":"Ashoka Canada","article_publisher":"https:\/\/www.facebook.com\/AshokaCanada\/","article_modified_time":"2024-05-13T20:43:45+00:00","og_image":[{"width":1200,"height":628,"url":"https:\/\/ashokacanada.org\/wp-content\/uploads\/2020\/04\/ashoka-canada-blue.png","type":"image\/png"}],"twitter_card":"summary_large_image","twitter_image":"https:\/\/ashokacanada.org\/wp-content\/uploads\/2022\/12\/2022-10-20-MIS-150017-IMG_0237-photo-Youssef-Shoufan-FD.jpg","twitter_site":"@ashokacanada","twitter_misc":{"Dur\u00e9e de lecture estim\u00e9e":"7 minutes"},"schema":{"@context":"https:\/\/schema.org","@graph":[{"@type":"WebPage","@id":"https:\/\/ashokacanada.org\/fr\/a-propos\/evenements\/","url":"https:\/\/ashokacanada.org\/fr\/a-propos\/evenements\/","name":"Ashoka Canada - \u00c9v\u00e9nement pass\u00e9","isPartOf":{"@id":"https:\/\/ashokacanada.org\/fr\/#website"},"datePublished":"2022-12-06T23:58:24+00:00","dateModified":"2024-05-13T20:43:45+00:00","description":"Pour la premi\u00e8re fois dans l\u2019histoire de l\u2019humanit\u00e9, il y a plus de personnes de plus de 65 ans que d\u2019enfants \u00e2g\u00e9s de 5 ans et moins sur la plan\u00e8te. Ce changement d\u00e9mographique apportera son lot de d\u00e9fis, mais \u00e9galement d\u2019occasions d\u2019induire des changements et des transformations.","breadcrumb":{"@id":"https:\/\/ashokacanada.org\/fr\/a-propos\/evenements\/#breadcrumb"},"inLanguage":"fr-FR","potentialAction":[{"@type":"ReadAction","target":["https:\/\/ashokacanada.org\/fr\/a-propos\/evenements\/"]}]},{"@type":"BreadcrumbList","@id":"https:\/\/ashokacanada.org\/fr\/a-propos\/evenements\/#breadcrumb","itemListElement":[{"@type":"ListItem","position":1,"name":"Home","item":"https:\/\/ashokacanada.org\/fr\/"},{"@type":"ListItem","position":2,"name":"\u00c0 Propos","item":"https:\/\/ashokacanada.org\/fr\/a-propos\/"},{"@type":"ListItem","position":3,"name":"\u00c9v\u00e9nements"}]},{"@type":"WebSite","@id":"https:\/\/ashokacanada.org\/fr\/#website","url":"https:\/\/ashokacanada.org\/fr\/","name":"Ashoka Canada","description":"The Power of the Networks","publisher":{"@id":"https:\/\/ashokacanada.org\/fr\/#organization"},"potentialAction":[{"@type":"SearchAction","target":{"@type":"EntryPoint","urlTemplate":"https:\/\/ashokacanada.org\/fr\/?s={search_term_string}"},"query-input":{"@type":"PropertyValueSpecification","valueRequired":true,"valueName":"search_term_string"}}],"inLanguage":"fr-FR"},{"@type":"Organization","@id":"https:\/\/ashokacanada.org\/fr\/#organization","name":"Ashoka Canada","url":"https:\/\/ashokacanada.org\/fr\/","logo":{"@type":"ImageObject","inLanguage":"fr-FR","@id":"https:\/\/ashokacanada.org\/fr\/#\/schema\/logo\/image\/","url":"https:\/\/ashokacanada.org\/wp-content\/uploads\/2019\/08\/ashoka_canada_logo.svg","contentUrl":"https:\/\/ashokacanada.org\/wp-content\/uploads\/2019\/08\/ashoka_canada_logo.svg","width":1024,"height":1024,"caption":"Ashoka Canada"},"image":{"@id":"https:\/\/ashokacanada.org\/fr\/#\/schema\/logo\/image\/"},"sameAs":["https:\/\/www.facebook.com\/AshokaCanada\/","https:\/\/x.com\/ashokacanada","https:\/\/www.linkedin.com\/company\/ashoka-canada-\/"]}]}},"_links":{"self":[{"href":"https:\/\/ashokacanada.org\/fr\/wp-json\/wp\/v2\/pages\/14383","targetHints":{"allow":["GET"]}}],"collection":[{"href":"https:\/\/ashokacanada.org\/fr\/wp-json\/wp\/v2\/pages"}],"about":[{"href":"https:\/\/ashokacanada.org\/fr\/wp-json\/wp\/v2\/types\/page"}],"author":[{"embeddable":true,"href":"https:\/\/ashokacanada.org\/fr\/wp-json\/wp\/v2\/users\/12"}],"replies":[{"embeddable":true,"href":"https:\/\/ashokacanada.org\/fr\/wp-json\/wp\/v2\/comments?post=14383"}],"version-history":[{"count":12,"href":"https:\/\/ashokacanada.org\/fr\/wp-json\/wp\/v2\/pages\/14383\/revisions"}],"predecessor-version":[{"id":16862,"href":"https:\/\/ashokacanada.org\/fr\/wp-json\/wp\/v2\/pages\/14383\/revisions\/16862"}],"up":[{"embeddable":true,"href":"https:\/\/ashokacanada.org\/fr\/wp-json\/wp\/v2\/pages\/4599"}],"wp:attachment":[{"href":"https:\/\/ashokacanada.org\/fr\/wp-json\/wp\/v2\/media?parent=14383"}],"curies":[{"name":"wp","href":"https:\/\/api.w.org\/{rel}","templated":true}]}}