{"id":9482,"date":"2020-04-29T13:57:02","date_gmt":"2020-04-29T17:57:02","guid":{"rendered":"https:\/\/ashokacanada.org\/?page_id=9482"},"modified":"2020-05-07T16:33:14","modified_gmt":"2020-05-07T20:33:14","slug":"reseau-global-serie-2","status":"publish","type":"page","link":"https:\/\/ashokacanada.org\/fr\/reseau-global-serie-2\/","title":{"rendered":"R\u00e9seau Global S\u00e9rie 2"},"content":{"rendered":"[vc_row type=\u00a0\u00bbfull_width_background\u00a0\u00bb full_screen_row_position=\u00a0\u00bbmiddle\u00a0\u00bb equal_height=\u00a0\u00bbyes\u00a0\u00bb content_placement=\u00a0\u00bbtop\u00a0\u00bb column_margin=\u00a0\u00bbdefault\u00a0\u00bb scene_position=\u00a0\u00bbcenter\u00a0\u00bb text_color=\u00a0\u00bbdark\u00a0\u00bb text_align=\u00a0\u00bbleft\u00a0\u00bb class=\u00a0\u00bbmain_content\u00a0\u00bb id=\u00a0\u00bbnobottom\u00a0\u00bb overlay_strength=\u00a0\u00bb0.3&Prime; shape_divider_position=\u00a0\u00bbbottom\u00a0\u00bb bg_image_animation=\u00a0\u00bbnone\u00a0\u00bb shape_type=\u00a0\u00bb\u00a0\u00bb][vc_column column_padding=\u00a0\u00bbpadding-4-percent\u00a0\u00bb column_padding_position=\u00a0\u00bbtop-right\u00a0\u00bb background_color_opacity=\u00a0\u00bb1&Prime; background_hover_color_opacity=\u00a0\u00bb1&Prime; column_link_target=\u00a0\u00bb_self\u00a0\u00bb column_shadow=\u00a0\u00bbnone\u00a0\u00bb column_border_radius=\u00a0\u00bbnone\u00a0\u00bb el_class=\u00a0\u00bbcontent_left\u00a0\u00bb width=\u00a0\u00bb5\/12&Prime; tablet_width_inherit=\u00a0\u00bbdefault\u00a0\u00bb tablet_text_alignment=\u00a0\u00bbdefault\u00a0\u00bb phone_text_alignment=\u00a0\u00bbdefault\u00a0\u00bb overlay_strength=\u00a0\u00bb0.3&Prime; column_border_width=\u00a0\u00bbnone\u00a0\u00bb column_border_style=\u00a0\u00bbsolid\u00a0\u00bb bg_image_animation=\u00a0\u00bbnone\u00a0\u00bb][vc_column_text]\n<h1>Session d&rsquo;Activation <span style=\"color: #c41425;\">Solutions COVID #2<\/span><\/h1>\n[\/vc_column_text][vc_column_text css_animation=\u00a0\u00bbfadeInUp\u00a0\u00bb css=\u00a0\u00bb.vc_custom_1588883574752{padding-bottom: 10px !important;}\u00a0\u00bb]\n<h3><span style=\"font-weight: 400;\"><strong>Sant\u00e9 Mentale &amp; Pand\u00e9mie<\/strong><br \/>\n<\/span><\/h3>\n<p><span style=\"font-weight: 400;\">Merci \u00e0 celles et ceux qui ont particip\u00e9 \u00e0 la session. Plus de 80 personnes se sont connect\u00e9es pour une discussion inspirante sur comment tirer profit des solutions existantes en mati\u00e8re de sant\u00e9 mentale dans le contexte de la pand\u00e9mie et au-del\u00e0. Si vous avez rat\u00e9 la session, ou si vous aimeriez la revoir, nous allons poster prochainement un vid\u00e9o, les moments forts de la discussion ainsi que d\u2019autres informations. Restez \u00e0 l\u2019\u00e9coute, en s\u00e9curit\u00e9 et en sant\u00e9!<\/span>[\/vc_column_text][divider line_type=\u00a0\u00bbFull Width Line\u00a0\u00bb line_thickness=\u00a0\u00bb1&Prime; divider_color=\u00a0\u00bbdefault\u00a0\u00bb][vc_column_text css_animation=\u00a0\u00bbfadeInDown\u00a0\u00bb css=\u00a0\u00bb.vc_custom_1588185689796{padding-top: 20px !important;}\u00a0\u00bb]\n<h3><span style=\"font-weight: 400;\"><strong>Nous d\u00e9fis sont mondiaux<\/strong> \u2014 <\/span><span style=\"color: #c41425;\">nos solutions doivent l\u2019\u00eatre aussi.<\/span><\/h3>\n[\/vc_column_text][divider line_type=\u00a0\u00bbFull Width Line\u00a0\u00bb line_thickness=\u00a0\u00bb1&Prime; divider_color=\u00a0\u00bbdefault\u00a0\u00bb][vc_row_inner column_margin=\u00a0\u00bbdefault\u00a0\u00bb top_padding=\u00a0\u00bb20&Prime; bottom_padding=\u00a0\u00bb40&Prime; text_align=\u00a0\u00bbleft\u00a0\u00bb class=\u00a0\u00bbprofiles\u00a0\u00bb][vc_column_inner column_padding=\u00a0\u00bbno-extra-padding\u00a0\u00bb column_padding_position=\u00a0\u00bball\u00a0\u00bb background_color_opacity=\u00a0\u00bb1&Prime; background_hover_color_opacity=\u00a0\u00bb1&Prime; column_shadow=\u00a0\u00bbnone\u00a0\u00bb column_border_radius=\u00a0\u00bbnone\u00a0\u00bb column_link_target=\u00a0\u00bb_self\u00a0\u00bb width=\u00a0\u00bb1\/2&Prime; tablet_width_inherit=\u00a0\u00bbdefault\u00a0\u00bb overlay_strength=\u00a0\u00bb0.3&Prime; column_border_width=\u00a0\u00bbnone\u00a0\u00bb column_border_style=\u00a0\u00bbsolid\u00a0\u00bb bg_image_animation=\u00a0\u00bbnone\u00a0\u00bb][image_with_animation image_url=\u00a0\u00bb1561&Prime; alignment=\u00a0\u00bb\u00a0\u00bb animation=\u00a0\u00bbFade In\u00a0\u00bb hover_animation=\u00a0\u00bbzoom\u00a0\u00bb border_radius=\u00a0\u00bbnone\u00a0\u00bb box_shadow=\u00a0\u00bbnone\u00a0\u00bb image_loading=\u00a0\u00bbdefault\u00a0\u00bb max_width=\u00a0\u00bb100%\u00a0\u00bb max_width_mobile=\u00a0\u00bbdefault\u00a0\u00bb delay=\u00a0\u00bb240&Prime; img_link=\u00a0\u00bbhttps:\/\/ashokacanada.org\/fr\/fellow\/gilles-julien\/\u00a0\u00bb][vc_column_text]\n<h2>Gilles Julien<\/h2>\n<p><span style=\"color: #33a8c2;\">Fondation Du Dr. Julien<\/span>[\/vc_column_text][\/vc_column_inner][vc_column_inner column_padding=\u00a0\u00bbno-extra-padding\u00a0\u00bb column_padding_position=\u00a0\u00bball\u00a0\u00bb background_color_opacity=\u00a0\u00bb1&Prime; background_hover_color_opacity=\u00a0\u00bb1&Prime; column_shadow=\u00a0\u00bbnone\u00a0\u00bb column_border_radius=\u00a0\u00bbnone\u00a0\u00bb column_link_target=\u00a0\u00bb_self\u00a0\u00bb width=\u00a0\u00bb1\/2&Prime; tablet_width_inherit=\u00a0\u00bbdefault\u00a0\u00bb overlay_strength=\u00a0\u00bb0.3&Prime; column_border_width=\u00a0\u00bbnone\u00a0\u00bb column_border_style=\u00a0\u00bbsolid\u00a0\u00bb bg_image_animation=\u00a0\u00bbnone\u00a0\u00bb][image_with_animation image_url=\u00a0\u00bb9483&Prime; alignment=\u00a0\u00bb\u00a0\u00bb animation=\u00a0\u00bbFade In\u00a0\u00bb img_link_target=\u00a0\u00bb_blank\u00a0\u00bb hover_animation=\u00a0\u00bbzoom\u00a0\u00bb border_radius=\u00a0\u00bbnone\u00a0\u00bb box_shadow=\u00a0\u00bbnone\u00a0\u00bb image_loading=\u00a0\u00bbdefault\u00a0\u00bb max_width=\u00a0\u00bb100%\u00a0\u00bb max_width_mobile=\u00a0\u00bbdefault\u00a0\u00bb delay=\u00a0\u00bb360&Prime; img_link=\u00a0\u00bbhttps:\/\/www.ashoka.org\/en-ca\/fellow\/krystian-fikert\u00a0\u00bb][vc_column_text]\n<h2>Krystian Fikert<\/h2>\n<p><span style=\"color: #33a8c2;\">MyMind<\/span>[\/vc_column_text][\/vc_column_inner][\/vc_row_inner][\/vc_column][vc_column column_padding=\u00a0\u00bbpadding-2-percent\u00a0\u00bb column_padding_position=\u00a0\u00bbleft-right\u00a0\u00bb background_color=\u00a0\u00bb#f4f5f9&Prime; background_color_opacity=\u00a0\u00bb1&Prime; background_hover_color_opacity=\u00a0\u00bb1&Prime; column_link_target=\u00a0\u00bb_self\u00a0\u00bb column_shadow=\u00a0\u00bbnone\u00a0\u00bb column_border_radius=\u00a0\u00bbnone\u00a0\u00bb el_class=\u00a0\u00bbcontent_right\u00a0\u00bb width=\u00a0\u00bb7\/12&Prime; tablet_width_inherit=\u00a0\u00bbdefault\u00a0\u00bb tablet_text_alignment=\u00a0\u00bbdefault\u00a0\u00bb phone_text_alignment=\u00a0\u00bbdefault\u00a0\u00bb overlay_strength=\u00a0\u00bb0.3&Prime; column_border_width=\u00a0\u00bbnone\u00a0\u00bb column_border_style=\u00a0\u00bbsolid\u00a0\u00bb bg_image_animation=\u00a0\u00bbnone\u00a0\u00bb][vc_column_text]<style>\n       .errordiv { padding:10px; margin:10px; border: 1px solid #555555;color: #000000;background-color: #f8f8f8; width:500px; }#advanced_iframe {visibility:visible;opacity:1;vertical-align:top;}.ai-info-bottom-iframe { position: fixed; z-index: 10000; bottom:0; left: 0; margin: 0px; text-align: center; width: 100%; background-color: #ff9999; padding-left: 5px;padding-bottom: 5px; border-top: 1px solid #aaa } a.ai-bold {font-weight: bold;}#ai-layer-div-advanced_iframe p {height:100%;margin:0;padding:0}<\/style><script type=\"text\/javascript\">var ai_iframe_width_advanced_iframe = 0;var ai_iframe_height_advanced_iframe = 0;var aiOnloadScrollTop=\"true\";var aiShowDebug=false;\n\t\tif (typeof aiReadyCallbacks === 'undefined') {\n\t\t\tvar aiReadyCallbacks = [];\n\t\t} else if (!(aiReadyCallbacks instanceof Array)) {\n\t\t\tvar aiReadyCallbacks = [];\n\t\t}    function aiShowIframeId(id_iframe) { jQuery(\"#\"+id_iframe).css(\"visibility\", \"visible\");    }    function aiResizeIframeHeight(height) { aiResizeIframeHeight(height,advanced_iframe); }    function aiResizeIframeHeightId(height,width,id) {aiResizeIframeHeightById(id,height);}<\/script><iframe id=\"advanced_iframe\"  name=\"advanced_iframe\"  src=\"https:\/\/us02web.zoom.us\/webinar\/register\/WN_rnjoJz93RGKxKZRJ1f40Vg\"  width=\"100%\"  height=\"710px\"  scrolling=\"yes\"  frameborder=\"0\"  border=\"0\"  allowtransparency=\"true\"  loading=\"lazy\"  style=\";border-width: 0px;;border: none;;width:100%;height:710px;\" ><\/iframe><script type=\"text\/javascript\">var ifrm_advanced_iframe = document.getElementById(\"advanced_iframe\");var hiddenTabsDoneadvanced_iframe = false;\nfunction resizeCallbackadvanced_iframe() {}<\/script><script type=\"text\/javascript\"><\/script><p style=\"display:block !important; visibility:visible !important;margin: -18px 14px 0 0;padding-left: 3px;padding-top:3px;background: white; overflow: hidden; position: relative; line-height:15px;width: fit-content;\"><small style=\"display:block !important;visibility:visible !important\">powered by Advanced iFrame<\/small><\/p>[\/vc_column_text][vc_column_text]\n<h3 style=\"text-align: center;\">Pour recevoir des communications futures d\u2019Ashoka Canada, veuillez vous inscrire <a href=\"https:\/\/ashokacanada.org\/fr\/rejoignez-nous\/\">ici<\/a>.<\/h3>\n[\/vc_column_text][\/vc_column][\/vc_row][vc_row type=\u00a0\u00bbfull_width_background\u00a0\u00bb full_screen_row_position=\u00a0\u00bbmiddle\u00a0\u00bb equal_height=\u00a0\u00bbyes\u00a0\u00bb content_placement=\u00a0\u00bbmiddle\u00a0\u00bb column_margin=\u00a0\u00bbdefault\u00a0\u00bb bg_image=\u00a0\u00bb462&Prime; bg_position=\u00a0\u00bbleft top\u00a0\u00bb bg_repeat=\u00a0\u00bbno-repeat\u00a0\u00bb scene_position=\u00a0\u00bbcenter\u00a0\u00bb text_color=\u00a0\u00bblight\u00a0\u00bb text_align=\u00a0\u00bbleft\u00a0\u00bb top_padding=\u00a0\u00bb90&Prime; bottom_padding=\u00a0\u00bb70&Prime; class=\u00a0\u00bbdonationbox\u00a0\u00bb id=\u00a0\u00bbdonationbox\u00a0\u00bb overlay_strength=\u00a0\u00bb0.3&Prime; shape_divider_color=\u00a0\u00bb#ffffff\u00a0\u00bb shape_divider_position=\u00a0\u00bbtop\u00a0\u00bb shape_divider_height=\u00a0\u00bb8&Prime; bg_image_animation=\u00a0\u00bbnone\u00a0\u00bb shape_type=\u00a0\u00bbstraight_section\u00a0\u00bb][vc_column column_padding=\u00a0\u00bbno-extra-padding\u00a0\u00bb column_padding_position=\u00a0\u00bbleft-right\u00a0\u00bb background_color_opacity=\u00a0\u00bb1&Prime; background_hover_color_opacity=\u00a0\u00bb1&Prime; column_link_target=\u00a0\u00bb_self\u00a0\u00bb column_shadow=\u00a0\u00bbnone\u00a0\u00bb column_border_radius=\u00a0\u00bbnone\u00a0\u00bb width=\u00a0\u00bb7\/12&Prime; tablet_width_inherit=\u00a0\u00bbdefault\u00a0\u00bb tablet_text_alignment=\u00a0\u00bbdefault\u00a0\u00bb phone_text_alignment=\u00a0\u00bbdefault\u00a0\u00bb overlay_strength=\u00a0\u00bb0.3&Prime; column_border_width=\u00a0\u00bbnone\u00a0\u00bb column_border_style=\u00a0\u00bbsolid\u00a0\u00bb bg_image_animation=\u00a0\u00bbnone\u00a0\u00bb][vc_column_text css=\u00a0\u00bb.vc_custom_1588187756358{padding-right: 10% !important;}\u00a0\u00bb]\n<h2>S\u00e9lectionner les entrepreneurs sociaux de calibre mondial au Canada<\/h2>\n[\/vc_column_text][vc_column_text]\n<h3>\u00ab\u00a0En tant que membre de l&rsquo;ASN, je suis continuellement inspir\u00e9e par tous les Fellows Ashoka que je rencontre. La vari\u00e9t\u00e9 et l&rsquo;ampleur du travail de ces acteurs du changement sont \u00e0 couper le souffle.\u00a0\u00bb<\/h3>\n<h5>Victoria Watson, membre de l&rsquo;ASN<\/h5>\n[\/vc_column_text][\/vc_column][vc_column column_padding=\u00a0\u00bbno-extra-padding\u00a0\u00bb column_padding_position=\u00a0\u00bbleft-right\u00a0\u00bb background_color_opacity=\u00a0\u00bb1&Prime; background_hover_color_opacity=\u00a0\u00bb1&Prime; column_link_target=\u00a0\u00bb_self\u00a0\u00bb column_shadow=\u00a0\u00bbnone\u00a0\u00bb column_border_radius=\u00a0\u00bbnone\u00a0\u00bb width=\u00a0\u00bb5\/12&Prime; tablet_width_inherit=\u00a0\u00bbdefault\u00a0\u00bb tablet_text_alignment=\u00a0\u00bbdefault\u00a0\u00bb phone_text_alignment=\u00a0\u00bbdefault\u00a0\u00bb overlay_strength=\u00a0\u00bb0.3&Prime; column_border_width=\u00a0\u00bbnone\u00a0\u00bb column_border_style=\u00a0\u00bbsolid\u00a0\u00bb bg_image_animation=\u00a0\u00bbnone\u00a0\u00bb][nectar_btn size=\u00a0\u00bbjumbo\u00a0\u00bb button_style=\u00a0\u00bbsee-through-2&Prime; color_override=\u00a0\u00bb#ffffff\u00a0\u00bb hover_color_override=\u00a0\u00bb#c41425&Prime; hover_text_color_override=\u00a0\u00bb#ffffff\u00a0\u00bb icon_family=\u00a0\u00bbnone\u00a0\u00bb el_class=\u00a0\u00bbdonatebutton\u00a0\u00bb url=\u00a0\u00bb\/fr\/a-propos\/contribuez\/\u00a0\u00bb text=\u00a0\u00bbFAITES UN DON\u00a0\u00bb][\/vc_column][\/vc_row]\n","protected":false},"excerpt":{"rendered":"<p>[vc_row type=\u00a0\u00bbfull_width_background\u00a0\u00bb full_screen_row_position=\u00a0\u00bbmiddle\u00a0\u00bb equal_height=\u00a0\u00bbyes\u00a0\u00bb content_placement=\u00a0\u00bbtop\u00a0\u00bb column_margin=\u00a0\u00bbdefault\u00a0\u00bb scene_position=\u00a0\u00bbcenter\u00a0\u00bb text_color=\u00a0\u00bbdark\u00a0\u00bb text_align=\u00a0\u00bbleft\u00a0\u00bb class=\u00a0\u00bbmain_content\u00a0\u00bb id=\u00a0\u00bbnobottom\u00a0\u00bb overlay_strength=\u00a0\u00bb0.3&Prime; shape_divider_position=\u00a0\u00bbbottom\u00a0\u00bb bg_image_animation=\u00a0\u00bbnone\u00a0\u00bb shape_type=\u00a0\u00bb\u00a0\u00bb][vc_column column_padding=\u00a0\u00bbpadding-4-percent\u00a0\u00bb column_padding_position=\u00a0\u00bbtop-right\u00a0\u00bb background_color_opacity=\u00a0\u00bb1&Prime; background_hover_color_opacity=\u00a0\u00bb1&Prime; column_link_target=\u00a0\u00bb_self\u00a0\u00bb column_shadow=\u00a0\u00bbnone\u00a0\u00bb column_border_radius=\u00a0\u00bbnone\u00a0\u00bb el_class=\u00a0\u00bbcontent_left\u00a0\u00bb width=\u00a0\u00bb5\/12&Prime; tablet_width_inherit=\u00a0\u00bbdefault\u00a0\u00bb tablet_text_alignment=\u00a0\u00bbdefault\u00a0\u00bb phone_text_alignment=\u00a0\u00bbdefault\u00a0\u00bb overlay_strength=\u00a0\u00bb0.3&Prime; column_border_width=\u00a0\u00bbnone\u00a0\u00bb column_border_style=\u00a0\u00bbsolid\u00a0\u00bb&#8230;<\/p>\n","protected":false},"author":12,"featured_media":0,"parent":0,"menu_order":31,"comment_status":"closed","ping_status":"closed","template":"","meta":{"_acf_changed":false,"footnotes":""},"class_list":["post-9482","page","type-page","status-publish"],"acf":[],"yoast_head":"<!-- This site is optimized with the Yoast SEO plugin v27.4 - https:\/\/yoast.com\/product\/yoast-seo-wordpress\/ -->\n<title>Ashoka Canada - Session Activation Solution COVID #2<\/title>\n<meta name=\"robots\" content=\"index, follow, max-snippet:-1, max-image-preview:large, max-video-preview:-1\" \/>\n<link rel=\"canonical\" href=\"https:\/\/ashokacanada.org\/fr\/reseau-global-serie-2\/\" \/>\n<meta property=\"og:locale\" content=\"fr_FR\" \/>\n<meta property=\"og:type\" content=\"article\" \/>\n<meta property=\"og:title\" content=\"Ashoka Canada - Session Activation Solution COVID #2\" \/>\n<meta property=\"og:description\" content=\"[vc_row type=\u00a0\u00bbfull_width_background\u00a0\u00bb full_screen_row_position=\u00a0\u00bbmiddle\u00a0\u00bb equal_height=\u00a0\u00bbyes\u00a0\u00bb content_placement=\u00a0\u00bbtop\u00a0\u00bb column_margin=\u00a0\u00bbdefault\u00a0\u00bb scene_position=\u00a0\u00bbcenter\u00a0\u00bb text_color=\u00a0\u00bbdark\u00a0\u00bb text_align=\u00a0\u00bbleft\u00a0\u00bb class=\u00a0\u00bbmain_content\u00a0\u00bb id=\u00a0\u00bbnobottom\u00a0\u00bb overlay_strength=\u00a0\u00bb0.3&Prime; shape_divider_position=\u00a0\u00bbbottom\u00a0\u00bb bg_image_animation=\u00a0\u00bbnone\u00a0\u00bb shape_type=\u00a0\u00bb\u00a0\u00bb][vc_column column_padding=\u00a0\u00bbpadding-4-percent\u00a0\u00bb column_padding_position=\u00a0\u00bbtop-right\u00a0\u00bb background_color_opacity=\u00a0\u00bb1&Prime; background_hover_color_opacity=\u00a0\u00bb1&Prime; column_link_target=\u00a0\u00bb_self\u00a0\u00bb column_shadow=\u00a0\u00bbnone\u00a0\u00bb column_border_radius=\u00a0\u00bbnone\u00a0\u00bb el_class=\u00a0\u00bbcontent_left\u00a0\u00bb width=\u00a0\u00bb5\/12&Prime; tablet_width_inherit=\u00a0\u00bbdefault\u00a0\u00bb tablet_text_alignment=\u00a0\u00bbdefault\u00a0\u00bb phone_text_alignment=\u00a0\u00bbdefault\u00a0\u00bb overlay_strength=\u00a0\u00bb0.3&Prime; column_border_width=\u00a0\u00bbnone\u00a0\u00bb column_border_style=\u00a0\u00bbsolid\u00a0\u00bb...\" \/>\n<meta property=\"og:url\" content=\"https:\/\/ashokacanada.org\/fr\/reseau-global-serie-2\/\" \/>\n<meta property=\"og:site_name\" content=\"Ashoka Canada\" \/>\n<meta property=\"article:publisher\" content=\"https:\/\/www.facebook.com\/AshokaCanada\/\" \/>\n<meta property=\"article:modified_time\" content=\"2020-05-07T20:33:14+00:00\" \/>\n<meta property=\"og:image\" content=\"https:\/\/ashokacanada.org\/wp-content\/uploads\/2020\/04\/global-network-session-2.jpg\" \/>\n\t<meta property=\"og:image:width\" content=\"1200\" \/>\n\t<meta property=\"og:image:height\" content=\"628\" \/>\n\t<meta property=\"og:image:type\" content=\"image\/jpeg\" \/>\n<meta name=\"twitter:card\" content=\"summary_large_image\" \/>\n<meta name=\"twitter:image\" content=\"https:\/\/ashokacanada.org\/wp-content\/uploads\/2020\/04\/global-network-session-2.jpg\" \/>\n<meta name=\"twitter:site\" content=\"@ashokacanada\" \/>\n<meta name=\"twitter:label1\" content=\"Dur\u00e9e de lecture estim\u00e9e\" \/>\n\t<meta name=\"twitter:data1\" content=\"4 minutes\" \/>\n<script type=\"application\/ld+json\" class=\"yoast-schema-graph\">{\"@context\":\"https:\\\/\\\/schema.org\",\"@graph\":[{\"@type\":\"WebPage\",\"@id\":\"https:\\\/\\\/ashokacanada.org\\\/fr\\\/reseau-global-serie-2\\\/\",\"url\":\"https:\\\/\\\/ashokacanada.org\\\/fr\\\/reseau-global-serie-2\\\/\",\"name\":\"Ashoka Canada - Session Activation Solution COVID #2\",\"isPartOf\":{\"@id\":\"https:\\\/\\\/ashokacanada.org\\\/fr\\\/#website\"},\"datePublished\":\"2020-04-29T17:57:02+00:00\",\"dateModified\":\"2020-05-07T20:33:14+00:00\",\"breadcrumb\":{\"@id\":\"https:\\\/\\\/ashokacanada.org\\\/fr\\\/reseau-global-serie-2\\\/#breadcrumb\"},\"inLanguage\":\"fr-FR\",\"potentialAction\":[{\"@type\":\"ReadAction\",\"target\":[\"https:\\\/\\\/ashokacanada.org\\\/fr\\\/reseau-global-serie-2\\\/\"]}]},{\"@type\":\"BreadcrumbList\",\"@id\":\"https:\\\/\\\/ashokacanada.org\\\/fr\\\/reseau-global-serie-2\\\/#breadcrumb\",\"itemListElement\":[{\"@type\":\"ListItem\",\"position\":1,\"name\":\"Home\",\"item\":\"https:\\\/\\\/ashokacanada.org\\\/fr\\\/\"},{\"@type\":\"ListItem\",\"position\":2,\"name\":\"R\u00e9seau Global S\u00e9rie 2\"}]},{\"@type\":\"WebSite\",\"@id\":\"https:\\\/\\\/ashokacanada.org\\\/fr\\\/#website\",\"url\":\"https:\\\/\\\/ashokacanada.org\\\/fr\\\/\",\"name\":\"Ashoka Canada\",\"description\":\"The Power of the Networks\",\"publisher\":{\"@id\":\"https:\\\/\\\/ashokacanada.org\\\/fr\\\/#organization\"},\"potentialAction\":[{\"@type\":\"SearchAction\",\"target\":{\"@type\":\"EntryPoint\",\"urlTemplate\":\"https:\\\/\\\/ashokacanada.org\\\/fr\\\/?s={search_term_string}\"},\"query-input\":{\"@type\":\"PropertyValueSpecification\",\"valueRequired\":true,\"valueName\":\"search_term_string\"}}],\"inLanguage\":\"fr-FR\"},{\"@type\":\"Organization\",\"@id\":\"https:\\\/\\\/ashokacanada.org\\\/fr\\\/#organization\",\"name\":\"Ashoka Canada\",\"url\":\"https:\\\/\\\/ashokacanada.org\\\/fr\\\/\",\"logo\":{\"@type\":\"ImageObject\",\"inLanguage\":\"fr-FR\",\"@id\":\"https:\\\/\\\/ashokacanada.org\\\/fr\\\/#\\\/schema\\\/logo\\\/image\\\/\",\"url\":\"https:\\\/\\\/ashokacanada.org\\\/wp-content\\\/uploads\\\/2019\\\/08\\\/ashoka_canada_logo.svg\",\"contentUrl\":\"https:\\\/\\\/ashokacanada.org\\\/wp-content\\\/uploads\\\/2019\\\/08\\\/ashoka_canada_logo.svg\",\"width\":1024,\"height\":1024,\"caption\":\"Ashoka Canada\"},\"image\":{\"@id\":\"https:\\\/\\\/ashokacanada.org\\\/fr\\\/#\\\/schema\\\/logo\\\/image\\\/\"},\"sameAs\":[\"https:\\\/\\\/www.facebook.com\\\/AshokaCanada\\\/\",\"https:\\\/\\\/x.com\\\/ashokacanada\",\"https:\\\/\\\/www.linkedin.com\\\/company\\\/ashoka-canada-\\\/\"]}]}<\/script>\n<!-- \/ Yoast SEO plugin. -->","yoast_head_json":{"title":"Ashoka Canada - Session Activation Solution COVID #2","robots":{"index":"index","follow":"follow","max-snippet":"max-snippet:-1","max-image-preview":"max-image-preview:large","max-video-preview":"max-video-preview:-1"},"canonical":"https:\/\/ashokacanada.org\/fr\/reseau-global-serie-2\/","og_locale":"fr_FR","og_type":"article","og_title":"Ashoka Canada - Session Activation Solution COVID #2","og_description":"[vc_row type=\u00a0\u00bbfull_width_background\u00a0\u00bb full_screen_row_position=\u00a0\u00bbmiddle\u00a0\u00bb equal_height=\u00a0\u00bbyes\u00a0\u00bb content_placement=\u00a0\u00bbtop\u00a0\u00bb column_margin=\u00a0\u00bbdefault\u00a0\u00bb scene_position=\u00a0\u00bbcenter\u00a0\u00bb text_color=\u00a0\u00bbdark\u00a0\u00bb text_align=\u00a0\u00bbleft\u00a0\u00bb class=\u00a0\u00bbmain_content\u00a0\u00bb id=\u00a0\u00bbnobottom\u00a0\u00bb overlay_strength=\u00a0\u00bb0.3&Prime; shape_divider_position=\u00a0\u00bbbottom\u00a0\u00bb bg_image_animation=\u00a0\u00bbnone\u00a0\u00bb shape_type=\u00a0\u00bb\u00a0\u00bb][vc_column column_padding=\u00a0\u00bbpadding-4-percent\u00a0\u00bb column_padding_position=\u00a0\u00bbtop-right\u00a0\u00bb background_color_opacity=\u00a0\u00bb1&Prime; background_hover_color_opacity=\u00a0\u00bb1&Prime; column_link_target=\u00a0\u00bb_self\u00a0\u00bb column_shadow=\u00a0\u00bbnone\u00a0\u00bb column_border_radius=\u00a0\u00bbnone\u00a0\u00bb el_class=\u00a0\u00bbcontent_left\u00a0\u00bb width=\u00a0\u00bb5\/12&Prime; tablet_width_inherit=\u00a0\u00bbdefault\u00a0\u00bb tablet_text_alignment=\u00a0\u00bbdefault\u00a0\u00bb phone_text_alignment=\u00a0\u00bbdefault\u00a0\u00bb overlay_strength=\u00a0\u00bb0.3&Prime; column_border_width=\u00a0\u00bbnone\u00a0\u00bb column_border_style=\u00a0\u00bbsolid\u00a0\u00bb...","og_url":"https:\/\/ashokacanada.org\/fr\/reseau-global-serie-2\/","og_site_name":"Ashoka Canada","article_publisher":"https:\/\/www.facebook.com\/AshokaCanada\/","article_modified_time":"2020-05-07T20:33:14+00:00","og_image":[{"width":1200,"height":628,"url":"https:\/\/ashokacanada.org\/wp-content\/uploads\/2020\/04\/global-network-session-2.jpg","type":"image\/jpeg"}],"twitter_card":"summary_large_image","twitter_image":"https:\/\/ashokacanada.org\/wp-content\/uploads\/2020\/04\/global-network-session-2.jpg","twitter_site":"@ashokacanada","twitter_misc":{"Dur\u00e9e de lecture estim\u00e9e":"4 minutes"},"schema":{"@context":"https:\/\/schema.org","@graph":[{"@type":"WebPage","@id":"https:\/\/ashokacanada.org\/fr\/reseau-global-serie-2\/","url":"https:\/\/ashokacanada.org\/fr\/reseau-global-serie-2\/","name":"Ashoka Canada - Session Activation Solution COVID #2","isPartOf":{"@id":"https:\/\/ashokacanada.org\/fr\/#website"},"datePublished":"2020-04-29T17:57:02+00:00","dateModified":"2020-05-07T20:33:14+00:00","breadcrumb":{"@id":"https:\/\/ashokacanada.org\/fr\/reseau-global-serie-2\/#breadcrumb"},"inLanguage":"fr-FR","potentialAction":[{"@type":"ReadAction","target":["https:\/\/ashokacanada.org\/fr\/reseau-global-serie-2\/"]}]},{"@type":"BreadcrumbList","@id":"https:\/\/ashokacanada.org\/fr\/reseau-global-serie-2\/#breadcrumb","itemListElement":[{"@type":"ListItem","position":1,"name":"Home","item":"https:\/\/ashokacanada.org\/fr\/"},{"@type":"ListItem","position":2,"name":"R\u00e9seau Global S\u00e9rie 2"}]},{"@type":"WebSite","@id":"https:\/\/ashokacanada.org\/fr\/#website","url":"https:\/\/ashokacanada.org\/fr\/","name":"Ashoka Canada","description":"The Power of the Networks","publisher":{"@id":"https:\/\/ashokacanada.org\/fr\/#organization"},"potentialAction":[{"@type":"SearchAction","target":{"@type":"EntryPoint","urlTemplate":"https:\/\/ashokacanada.org\/fr\/?s={search_term_string}"},"query-input":{"@type":"PropertyValueSpecification","valueRequired":true,"valueName":"search_term_string"}}],"inLanguage":"fr-FR"},{"@type":"Organization","@id":"https:\/\/ashokacanada.org\/fr\/#organization","name":"Ashoka Canada","url":"https:\/\/ashokacanada.org\/fr\/","logo":{"@type":"ImageObject","inLanguage":"fr-FR","@id":"https:\/\/ashokacanada.org\/fr\/#\/schema\/logo\/image\/","url":"https:\/\/ashokacanada.org\/wp-content\/uploads\/2019\/08\/ashoka_canada_logo.svg","contentUrl":"https:\/\/ashokacanada.org\/wp-content\/uploads\/2019\/08\/ashoka_canada_logo.svg","width":1024,"height":1024,"caption":"Ashoka Canada"},"image":{"@id":"https:\/\/ashokacanada.org\/fr\/#\/schema\/logo\/image\/"},"sameAs":["https:\/\/www.facebook.com\/AshokaCanada\/","https:\/\/x.com\/ashokacanada","https:\/\/www.linkedin.com\/company\/ashoka-canada-\/"]}]}},"_links":{"self":[{"href":"https:\/\/ashokacanada.org\/fr\/wp-json\/wp\/v2\/pages\/9482","targetHints":{"allow":["GET"]}}],"collection":[{"href":"https:\/\/ashokacanada.org\/fr\/wp-json\/wp\/v2\/pages"}],"about":[{"href":"https:\/\/ashokacanada.org\/fr\/wp-json\/wp\/v2\/types\/page"}],"author":[{"embeddable":true,"href":"https:\/\/ashokacanada.org\/fr\/wp-json\/wp\/v2\/users\/12"}],"replies":[{"embeddable":true,"href":"https:\/\/ashokacanada.org\/fr\/wp-json\/wp\/v2\/comments?post=9482"}],"version-history":[{"count":14,"href":"https:\/\/ashokacanada.org\/fr\/wp-json\/wp\/v2\/pages\/9482\/revisions"}],"predecessor-version":[{"id":9975,"href":"https:\/\/ashokacanada.org\/fr\/wp-json\/wp\/v2\/pages\/9482\/revisions\/9975"}],"wp:attachment":[{"href":"https:\/\/ashokacanada.org\/fr\/wp-json\/wp\/v2\/media?parent=9482"}],"curies":[{"name":"wp","href":"https:\/\/api.w.org\/{rel}","templated":true}]}}