{"id":9529,"date":"2020-04-29T14:59:24","date_gmt":"2020-04-29T18:59:24","guid":{"rendered":"https:\/\/ashokacanada.org\/?page_id=9529"},"modified":"2020-04-30T23:56:05","modified_gmt":"2020-05-01T03:56:05","slug":"rejoignez-nous","status":"publish","type":"page","link":"https:\/\/ashokacanada.org\/fr\/rejoignez-nous\/","title":{"rendered":"Rejoignez-nous"},"content":{"rendered":"[vc_row type=\u00a0\u00bbin_container\u00a0\u00bb full_screen_row_position=\u00a0\u00bbmiddle\u00a0\u00bb equal_height=\u00a0\u00bbyes\u00a0\u00bb content_placement=\u00a0\u00bbtop\u00a0\u00bb column_margin=\u00a0\u00bb50px\u00a0\u00bb scene_position=\u00a0\u00bbcenter\u00a0\u00bb text_color=\u00a0\u00bbdark\u00a0\u00bb text_align=\u00a0\u00bbleft\u00a0\u00bb class=\u00a0\u00bblevel_four\u00a0\u00bb overlay_strength=\u00a0\u00bb0.3&Prime; shape_divider_position=\u00a0\u00bbbottom\u00a0\u00bb bg_image_animation=\u00a0\u00bbnone\u00a0\u00bb shape_type=\u00a0\u00bb\u00a0\u00bb][vc_column column_padding=\u00a0\u00bbno-extra-padding\u00a0\u00bb column_padding_position=\u00a0\u00bball\u00a0\u00bb background_color_opacity=\u00a0\u00bb1&Prime; background_hover_color_opacity=\u00a0\u00bb1&Prime; column_link_target=\u00a0\u00bb_self\u00a0\u00bb column_shadow=\u00a0\u00bbnone\u00a0\u00bb column_border_radius=\u00a0\u00bbnone\u00a0\u00bb width=\u00a0\u00bb5\/12&Prime; tablet_width_inherit=\u00a0\u00bbdefault\u00a0\u00bb tablet_text_alignment=\u00a0\u00bbdefault\u00a0\u00bb phone_text_alignment=\u00a0\u00bbdefault\u00a0\u00bb overlay_strength=\u00a0\u00bb0.3&Prime; column_border_width=\u00a0\u00bbnone\u00a0\u00bb column_border_style=\u00a0\u00bbsolid\u00a0\u00bb bg_image_animation=\u00a0\u00bbnone\u00a0\u00bb][vc_column_text css=\u00a0\u00bb.vc_custom_1588305328151{margin-bottom: 0px !important;border-right-width: 30% !important;padding-top: 70px !important;}\u00a0\u00bb]\n<h1>REJOIGNEZ NOTRE <span style=\"color: #a9c122;\">R\u00c9SEAU D\u2019ACTEURS DE CHANGEMENT<\/span><\/h1>\n[\/vc_column_text][vc_column_text]Aidez-nous \u00e0 vous tenir au courant des initiatives de nos Fellows, S\u00e9ries R\u00e9seau Global et autres solutions en temps r\u00e9el. Bienvenue chez Ashoka Canada.[\/vc_column_text][\/vc_column][vc_column column_padding=\u00a0\u00bbpadding-3-percent\u00a0\u00bb column_padding_position=\u00a0\u00bball\u00a0\u00bb background_color=\u00a0\u00bb#f2f2f2&Prime; background_color_opacity=\u00a0\u00bb1&Prime; background_hover_color_opacity=\u00a0\u00bb1&Prime; column_link_target=\u00a0\u00bb_self\u00a0\u00bb column_shadow=\u00a0\u00bbnone\u00a0\u00bb column_border_radius=\u00a0\u00bbnone\u00a0\u00bb width=\u00a0\u00bb7\/12&Prime; tablet_width_inherit=\u00a0\u00bbdefault\u00a0\u00bb tablet_text_alignment=\u00a0\u00bbdefault\u00a0\u00bb phone_text_alignment=\u00a0\u00bbdefault\u00a0\u00bb overlay_strength=\u00a0\u00bb0.3&Prime; column_border_width=\u00a0\u00bbnone\u00a0\u00bb column_border_style=\u00a0\u00bbsolid\u00a0\u00bb bg_image_animation=\u00a0\u00bbnone\u00a0\u00bb][vc_column_text]<iframe frameborder=0 style='width: 100%; min-height: 650px;' src=\"https:\/\/app.formassembly.com\/forms\/view\/4778749?jsid=\"><\/iframe>[\/vc_column_text][\/vc_column][\/vc_row]\n","protected":false},"excerpt":{"rendered":"<p>[vc_row type=\u00a0\u00bbin_container\u00a0\u00bb full_screen_row_position=\u00a0\u00bbmiddle\u00a0\u00bb equal_height=\u00a0\u00bbyes\u00a0\u00bb content_placement=\u00a0\u00bbtop\u00a0\u00bb column_margin=\u00a0\u00bb50px\u00a0\u00bb scene_position=\u00a0\u00bbcenter\u00a0\u00bb text_color=\u00a0\u00bbdark\u00a0\u00bb text_align=\u00a0\u00bbleft\u00a0\u00bb class=\u00a0\u00bblevel_four\u00a0\u00bb overlay_strength=\u00a0\u00bb0.3&Prime; shape_divider_position=\u00a0\u00bbbottom\u00a0\u00bb bg_image_animation=\u00a0\u00bbnone\u00a0\u00bb shape_type=\u00a0\u00bb\u00a0\u00bb][vc_column column_padding=\u00a0\u00bbno-extra-padding\u00a0\u00bb column_padding_position=\u00a0\u00bball\u00a0\u00bb background_color_opacity=\u00a0\u00bb1&Prime; background_hover_color_opacity=\u00a0\u00bb1&Prime; column_link_target=\u00a0\u00bb_self\u00a0\u00bb column_shadow=\u00a0\u00bbnone\u00a0\u00bb column_border_radius=\u00a0\u00bbnone\u00a0\u00bb width=\u00a0\u00bb5\/12&Prime; tablet_width_inherit=\u00a0\u00bbdefault\u00a0\u00bb tablet_text_alignment=\u00a0\u00bbdefault\u00a0\u00bb phone_text_alignment=\u00a0\u00bbdefault\u00a0\u00bb overlay_strength=\u00a0\u00bb0.3&Prime; column_border_width=\u00a0\u00bbnone\u00a0\u00bb column_border_style=\u00a0\u00bbsolid\u00a0\u00bb bg_image_animation=\u00a0\u00bbnone\u00a0\u00bb][vc_column_text css=\u00a0\u00bb.vc_custom_1588305328151{margin-bottom:&#8230;<\/p>\n","protected":false},"author":12,"featured_media":0,"parent":0,"menu_order":16,"comment_status":"closed","ping_status":"closed","template":"","meta":{"_acf_changed":false,"footnotes":""},"class_list":["post-9529","page","type-page","status-publish"],"acf":[],"yoast_head":"<!-- This site is optimized with the Yoast SEO plugin v27.4 - https:\/\/yoast.com\/product\/yoast-seo-wordpress\/ -->\n<title>Rejoignez-nous | Ashoka Canada<\/title>\n<meta name=\"robots\" content=\"index, follow, max-snippet:-1, max-image-preview:large, max-video-preview:-1\" \/>\n<link rel=\"canonical\" href=\"https:\/\/ashokacanada.org\/fr\/rejoignez-nous\/\" \/>\n<meta property=\"og:locale\" content=\"fr_FR\" \/>\n<meta property=\"og:type\" content=\"article\" \/>\n<meta property=\"og:title\" content=\"Rejoignez-nous | Ashoka Canada\" \/>\n<meta property=\"og:description\" content=\"[vc_row type=\u00a0\u00bbin_container\u00a0\u00bb full_screen_row_position=\u00a0\u00bbmiddle\u00a0\u00bb equal_height=\u00a0\u00bbyes\u00a0\u00bb content_placement=\u00a0\u00bbtop\u00a0\u00bb column_margin=\u00a0\u00bb50px\u00a0\u00bb scene_position=\u00a0\u00bbcenter\u00a0\u00bb text_color=\u00a0\u00bbdark\u00a0\u00bb text_align=\u00a0\u00bbleft\u00a0\u00bb class=\u00a0\u00bblevel_four\u00a0\u00bb overlay_strength=\u00a0\u00bb0.3&Prime; shape_divider_position=\u00a0\u00bbbottom\u00a0\u00bb bg_image_animation=\u00a0\u00bbnone\u00a0\u00bb shape_type=\u00a0\u00bb\u00a0\u00bb][vc_column column_padding=\u00a0\u00bbno-extra-padding\u00a0\u00bb column_padding_position=\u00a0\u00bball\u00a0\u00bb background_color_opacity=\u00a0\u00bb1&Prime; background_hover_color_opacity=\u00a0\u00bb1&Prime; column_link_target=\u00a0\u00bb_self\u00a0\u00bb column_shadow=\u00a0\u00bbnone\u00a0\u00bb column_border_radius=\u00a0\u00bbnone\u00a0\u00bb width=\u00a0\u00bb5\/12&Prime; tablet_width_inherit=\u00a0\u00bbdefault\u00a0\u00bb tablet_text_alignment=\u00a0\u00bbdefault\u00a0\u00bb phone_text_alignment=\u00a0\u00bbdefault\u00a0\u00bb overlay_strength=\u00a0\u00bb0.3&Prime; column_border_width=\u00a0\u00bbnone\u00a0\u00bb column_border_style=\u00a0\u00bbsolid\u00a0\u00bb bg_image_animation=\u00a0\u00bbnone\u00a0\u00bb][vc_column_text css=\u00a0\u00bb.vc_custom_1588305328151{margin-bottom:...\" \/>\n<meta property=\"og:url\" content=\"https:\/\/ashokacanada.org\/fr\/rejoignez-nous\/\" \/>\n<meta property=\"og:site_name\" content=\"Ashoka Canada\" \/>\n<meta property=\"article:publisher\" content=\"https:\/\/www.facebook.com\/AshokaCanada\/\" \/>\n<meta property=\"article:modified_time\" content=\"2020-05-01T03:56:05+00:00\" \/>\n<meta property=\"og:image\" content=\"https:\/\/ashokacanada.org\/wp-content\/uploads\/2020\/04\/ashoka-canada-blue.png\" \/>\n\t<meta property=\"og:image:width\" content=\"1200\" \/>\n\t<meta property=\"og:image:height\" content=\"628\" \/>\n\t<meta property=\"og:image:type\" content=\"image\/png\" \/>\n<meta name=\"twitter:card\" content=\"summary_large_image\" \/>\n<meta name=\"twitter:site\" content=\"@ashokacanada\" \/>\n<meta name=\"twitter:label1\" content=\"Dur\u00e9e de lecture estim\u00e9e\" \/>\n\t<meta name=\"twitter:data1\" content=\"1 minute\" \/>\n<script type=\"application\/ld+json\" class=\"yoast-schema-graph\">{\"@context\":\"https:\\\/\\\/schema.org\",\"@graph\":[{\"@type\":\"WebPage\",\"@id\":\"https:\\\/\\\/ashokacanada.org\\\/fr\\\/rejoignez-nous\\\/\",\"url\":\"https:\\\/\\\/ashokacanada.org\\\/fr\\\/rejoignez-nous\\\/\",\"name\":\"Rejoignez-nous | Ashoka Canada\",\"isPartOf\":{\"@id\":\"https:\\\/\\\/ashokacanada.org\\\/fr\\\/#website\"},\"datePublished\":\"2020-04-29T18:59:24+00:00\",\"dateModified\":\"2020-05-01T03:56:05+00:00\",\"breadcrumb\":{\"@id\":\"https:\\\/\\\/ashokacanada.org\\\/fr\\\/rejoignez-nous\\\/#breadcrumb\"},\"inLanguage\":\"fr-FR\",\"potentialAction\":[{\"@type\":\"ReadAction\",\"target\":[\"https:\\\/\\\/ashokacanada.org\\\/fr\\\/rejoignez-nous\\\/\"]}]},{\"@type\":\"BreadcrumbList\",\"@id\":\"https:\\\/\\\/ashokacanada.org\\\/fr\\\/rejoignez-nous\\\/#breadcrumb\",\"itemListElement\":[{\"@type\":\"ListItem\",\"position\":1,\"name\":\"Home\",\"item\":\"https:\\\/\\\/ashokacanada.org\\\/fr\\\/\"},{\"@type\":\"ListItem\",\"position\":2,\"name\":\"Rejoignez-nous\"}]},{\"@type\":\"WebSite\",\"@id\":\"https:\\\/\\\/ashokacanada.org\\\/fr\\\/#website\",\"url\":\"https:\\\/\\\/ashokacanada.org\\\/fr\\\/\",\"name\":\"Ashoka Canada\",\"description\":\"The Power of the Networks\",\"publisher\":{\"@id\":\"https:\\\/\\\/ashokacanada.org\\\/fr\\\/#organization\"},\"potentialAction\":[{\"@type\":\"SearchAction\",\"target\":{\"@type\":\"EntryPoint\",\"urlTemplate\":\"https:\\\/\\\/ashokacanada.org\\\/fr\\\/?s={search_term_string}\"},\"query-input\":{\"@type\":\"PropertyValueSpecification\",\"valueRequired\":true,\"valueName\":\"search_term_string\"}}],\"inLanguage\":\"fr-FR\"},{\"@type\":\"Organization\",\"@id\":\"https:\\\/\\\/ashokacanada.org\\\/fr\\\/#organization\",\"name\":\"Ashoka Canada\",\"url\":\"https:\\\/\\\/ashokacanada.org\\\/fr\\\/\",\"logo\":{\"@type\":\"ImageObject\",\"inLanguage\":\"fr-FR\",\"@id\":\"https:\\\/\\\/ashokacanada.org\\\/fr\\\/#\\\/schema\\\/logo\\\/image\\\/\",\"url\":\"https:\\\/\\\/ashokacanada.org\\\/wp-content\\\/uploads\\\/2019\\\/08\\\/ashoka_canada_logo.svg\",\"contentUrl\":\"https:\\\/\\\/ashokacanada.org\\\/wp-content\\\/uploads\\\/2019\\\/08\\\/ashoka_canada_logo.svg\",\"width\":1024,\"height\":1024,\"caption\":\"Ashoka Canada\"},\"image\":{\"@id\":\"https:\\\/\\\/ashokacanada.org\\\/fr\\\/#\\\/schema\\\/logo\\\/image\\\/\"},\"sameAs\":[\"https:\\\/\\\/www.facebook.com\\\/AshokaCanada\\\/\",\"https:\\\/\\\/x.com\\\/ashokacanada\",\"https:\\\/\\\/www.linkedin.com\\\/company\\\/ashoka-canada-\\\/\"]}]}<\/script>\n<!-- \/ Yoast SEO plugin. -->","yoast_head_json":{"title":"Rejoignez-nous | Ashoka Canada","robots":{"index":"index","follow":"follow","max-snippet":"max-snippet:-1","max-image-preview":"max-image-preview:large","max-video-preview":"max-video-preview:-1"},"canonical":"https:\/\/ashokacanada.org\/fr\/rejoignez-nous\/","og_locale":"fr_FR","og_type":"article","og_title":"Rejoignez-nous | Ashoka Canada","og_description":"[vc_row type=\u00a0\u00bbin_container\u00a0\u00bb full_screen_row_position=\u00a0\u00bbmiddle\u00a0\u00bb equal_height=\u00a0\u00bbyes\u00a0\u00bb content_placement=\u00a0\u00bbtop\u00a0\u00bb column_margin=\u00a0\u00bb50px\u00a0\u00bb scene_position=\u00a0\u00bbcenter\u00a0\u00bb text_color=\u00a0\u00bbdark\u00a0\u00bb text_align=\u00a0\u00bbleft\u00a0\u00bb class=\u00a0\u00bblevel_four\u00a0\u00bb overlay_strength=\u00a0\u00bb0.3&Prime; shape_divider_position=\u00a0\u00bbbottom\u00a0\u00bb bg_image_animation=\u00a0\u00bbnone\u00a0\u00bb shape_type=\u00a0\u00bb\u00a0\u00bb][vc_column column_padding=\u00a0\u00bbno-extra-padding\u00a0\u00bb column_padding_position=\u00a0\u00bball\u00a0\u00bb background_color_opacity=\u00a0\u00bb1&Prime; background_hover_color_opacity=\u00a0\u00bb1&Prime; column_link_target=\u00a0\u00bb_self\u00a0\u00bb column_shadow=\u00a0\u00bbnone\u00a0\u00bb column_border_radius=\u00a0\u00bbnone\u00a0\u00bb width=\u00a0\u00bb5\/12&Prime; tablet_width_inherit=\u00a0\u00bbdefault\u00a0\u00bb tablet_text_alignment=\u00a0\u00bbdefault\u00a0\u00bb phone_text_alignment=\u00a0\u00bbdefault\u00a0\u00bb overlay_strength=\u00a0\u00bb0.3&Prime; column_border_width=\u00a0\u00bbnone\u00a0\u00bb column_border_style=\u00a0\u00bbsolid\u00a0\u00bb bg_image_animation=\u00a0\u00bbnone\u00a0\u00bb][vc_column_text css=\u00a0\u00bb.vc_custom_1588305328151{margin-bottom:...","og_url":"https:\/\/ashokacanada.org\/fr\/rejoignez-nous\/","og_site_name":"Ashoka Canada","article_publisher":"https:\/\/www.facebook.com\/AshokaCanada\/","article_modified_time":"2020-05-01T03:56:05+00:00","og_image":[{"width":1200,"height":628,"url":"https:\/\/ashokacanada.org\/wp-content\/uploads\/2020\/04\/ashoka-canada-blue.png","type":"image\/png"}],"twitter_card":"summary_large_image","twitter_site":"@ashokacanada","twitter_misc":{"Dur\u00e9e de lecture estim\u00e9e":"1 minute"},"schema":{"@context":"https:\/\/schema.org","@graph":[{"@type":"WebPage","@id":"https:\/\/ashokacanada.org\/fr\/rejoignez-nous\/","url":"https:\/\/ashokacanada.org\/fr\/rejoignez-nous\/","name":"Rejoignez-nous | Ashoka Canada","isPartOf":{"@id":"https:\/\/ashokacanada.org\/fr\/#website"},"datePublished":"2020-04-29T18:59:24+00:00","dateModified":"2020-05-01T03:56:05+00:00","breadcrumb":{"@id":"https:\/\/ashokacanada.org\/fr\/rejoignez-nous\/#breadcrumb"},"inLanguage":"fr-FR","potentialAction":[{"@type":"ReadAction","target":["https:\/\/ashokacanada.org\/fr\/rejoignez-nous\/"]}]},{"@type":"BreadcrumbList","@id":"https:\/\/ashokacanada.org\/fr\/rejoignez-nous\/#breadcrumb","itemListElement":[{"@type":"ListItem","position":1,"name":"Home","item":"https:\/\/ashokacanada.org\/fr\/"},{"@type":"ListItem","position":2,"name":"Rejoignez-nous"}]},{"@type":"WebSite","@id":"https:\/\/ashokacanada.org\/fr\/#website","url":"https:\/\/ashokacanada.org\/fr\/","name":"Ashoka Canada","description":"The Power of the Networks","publisher":{"@id":"https:\/\/ashokacanada.org\/fr\/#organization"},"potentialAction":[{"@type":"SearchAction","target":{"@type":"EntryPoint","urlTemplate":"https:\/\/ashokacanada.org\/fr\/?s={search_term_string}"},"query-input":{"@type":"PropertyValueSpecification","valueRequired":true,"valueName":"search_term_string"}}],"inLanguage":"fr-FR"},{"@type":"Organization","@id":"https:\/\/ashokacanada.org\/fr\/#organization","name":"Ashoka Canada","url":"https:\/\/ashokacanada.org\/fr\/","logo":{"@type":"ImageObject","inLanguage":"fr-FR","@id":"https:\/\/ashokacanada.org\/fr\/#\/schema\/logo\/image\/","url":"https:\/\/ashokacanada.org\/wp-content\/uploads\/2019\/08\/ashoka_canada_logo.svg","contentUrl":"https:\/\/ashokacanada.org\/wp-content\/uploads\/2019\/08\/ashoka_canada_logo.svg","width":1024,"height":1024,"caption":"Ashoka Canada"},"image":{"@id":"https:\/\/ashokacanada.org\/fr\/#\/schema\/logo\/image\/"},"sameAs":["https:\/\/www.facebook.com\/AshokaCanada\/","https:\/\/x.com\/ashokacanada","https:\/\/www.linkedin.com\/company\/ashoka-canada-\/"]}]}},"_links":{"self":[{"href":"https:\/\/ashokacanada.org\/fr\/wp-json\/wp\/v2\/pages\/9529","targetHints":{"allow":["GET"]}}],"collection":[{"href":"https:\/\/ashokacanada.org\/fr\/wp-json\/wp\/v2\/pages"}],"about":[{"href":"https:\/\/ashokacanada.org\/fr\/wp-json\/wp\/v2\/types\/page"}],"author":[{"embeddable":true,"href":"https:\/\/ashokacanada.org\/fr\/wp-json\/wp\/v2\/users\/12"}],"replies":[{"embeddable":true,"href":"https:\/\/ashokacanada.org\/fr\/wp-json\/wp\/v2\/comments?post=9529"}],"version-history":[{"count":5,"href":"https:\/\/ashokacanada.org\/fr\/wp-json\/wp\/v2\/pages\/9529\/revisions"}],"predecessor-version":[{"id":9667,"href":"https:\/\/ashokacanada.org\/fr\/wp-json\/wp\/v2\/pages\/9529\/revisions\/9667"}],"wp:attachment":[{"href":"https:\/\/ashokacanada.org\/fr\/wp-json\/wp\/v2\/media?parent=9529"}],"curies":[{"name":"wp","href":"https:\/\/api.w.org\/{rel}","templated":true}]}}